{"id":4817,"date":"2023-05-02T11:47:41","date_gmt":"2023-05-02T09:47:41","guid":{"rendered":"https:\/\/amtest-group.com\/product\/bdtronic-2\/"},"modified":"2023-05-31T09:38:12","modified_gmt":"2023-05-31T07:38:12","slug":"bdtronic-2","status":"publish","type":"product","link":"https:\/\/amtest-group.com\/sr\/product\/bdtronic-2\/","title":{"rendered":"bdtronic"},"content":{"rendered":"<p><strong>bdtronic GmbH<\/strong> je vodec\u0301i svetski proizvo\u0111a\u010d sistema i procesnih re\u0161enja u tehnologiji doziranja i impregnacije, toplog zakivanja i predtretmana plazmom.<\/p>\n<p>Sa svojim \u0161irokim repertoarom proizvoda, <strong>bdtronic<\/strong> opslu\u017euje brojne kupce iz razli\u010ditih industrija, posebno automobilske i elektro industrije.<\/p>\n","protected":false},"excerpt":{"rendered":"<p>bdtronic GmbH je vodec\u0301i svetski proizvo\u0111a\u010d sistema i procesnih re\u0161enja u tehnologiji doziranja i impregnacije, toplog zakivanja i predtretmana plazmom. Sa svojim \u0161irokim repertoarom proizvoda, bdtronic opslu\u017euje brojne kupce iz razli\u010ditih industrija, posebno automobilske i elektro industrije.<\/p>\n","protected":false},"featured_media":0,"parent":0,"menu_order":0,"template":"template-product.php","meta":{"_uf_show_specific_survey":0,"_uf_disable_surveys":false},"categories":[86],"class_list":["post-4817","product","type-product","status-publish","hentry","category-plasma-activation-sr"],"aioseo_notices":[],"_links":{"self":[{"href":"https:\/\/amtest-group.com\/sr\/wp-json\/wp\/v2\/product\/4817","targetHints":{"allow":["GET"]}}],"collection":[{"href":"https:\/\/amtest-group.com\/sr\/wp-json\/wp\/v2\/product"}],"about":[{"href":"https:\/\/amtest-group.com\/sr\/wp-json\/wp\/v2\/types\/product"}],"wp:attachment":[{"href":"https:\/\/amtest-group.com\/sr\/wp-json\/wp\/v2\/media?parent=4817"}],"wp:term":[{"taxonomy":"category","embeddable":true,"href":"https:\/\/amtest-group.com\/sr\/wp-json\/wp\/v2\/categories?post=4817"}],"curies":[{"name":"wp","href":"https:\/\/api.w.org\/{rel}","templated":true}]}}