{"id":4815,"date":"2023-04-19T11:20:19","date_gmt":"2023-04-19T09:20:19","guid":{"rendered":"https:\/\/amtest-group.com\/product\/bdtronic\/"},"modified":"2023-05-31T09:35:30","modified_gmt":"2023-05-31T07:35:30","slug":"bdtronic","status":"publish","type":"product","link":"https:\/\/amtest-group.com\/sr\/product\/bdtronic\/","title":{"rendered":"bdtronic"},"content":{"rendered":"<p><strong>bdtronic GmbH<\/strong> je vodec\u0301i svetski proizvo\u0111a\u010d sistema i procesnih re\u0161enja u tehnologiji doziranja i impregnacije, toplog zakivanja i predtretmana plazmom.<\/p>\n<p>Sa svojim \u0161irokim repertoarom proizvoda, <strong>bdtronic<\/strong> opslu\u017euje brojne kupce iz razli\u010ditih industrija, posebno automobilske i elektro industrije.<\/p>\n","protected":false},"excerpt":{"rendered":"<p>bdtronic GmbH je vodec\u0301i svetski proizvo\u0111a\u010d sistema i procesnih re\u0161enja u tehnologiji doziranja i impregnacije, toplog zakivanja i predtretmana plazmom. Sa svojim \u0161irokim repertoarom proizvoda, bdtronic opslu\u017euje brojne kupce iz razli\u010ditih industrija, posebno automobilske i elektro industrije.<\/p>\n","protected":false},"featured_media":0,"parent":0,"menu_order":0,"template":"template-product.php","meta":{"_uf_show_specific_survey":0,"_uf_disable_surveys":false},"categories":[88],"class_list":["post-4815","product","type-product","status-publish","hentry","category-dispensing-sr"],"aioseo_notices":[],"_links":{"self":[{"href":"https:\/\/amtest-group.com\/sr\/wp-json\/wp\/v2\/product\/4815","targetHints":{"allow":["GET"]}}],"collection":[{"href":"https:\/\/amtest-group.com\/sr\/wp-json\/wp\/v2\/product"}],"about":[{"href":"https:\/\/amtest-group.com\/sr\/wp-json\/wp\/v2\/types\/product"}],"wp:attachment":[{"href":"https:\/\/amtest-group.com\/sr\/wp-json\/wp\/v2\/media?parent=4815"}],"wp:term":[{"taxonomy":"category","embeddable":true,"href":"https:\/\/amtest-group.com\/sr\/wp-json\/wp\/v2\/categories?post=4815"}],"curies":[{"name":"wp","href":"https:\/\/api.w.org\/{rel}","templated":true}]}}