{"id":4813,"date":"2023-05-02T11:42:58","date_gmt":"2023-05-02T09:42:58","guid":{"rendered":"https:\/\/amtest-group.com\/product\/mstech\/"},"modified":"2023-11-13T19:33:13","modified_gmt":"2023-11-13T18:33:13","slug":"mstech","status":"publish","type":"product","link":"https:\/\/amtest-group.com\/sr\/product\/mstech\/","title":{"rendered":"MSTech"},"content":{"rendered":"<p><strong>MSTECH<\/strong>, osnovan 1996. godine, ima vi\u0161e od 20 godina iskustva u pru\u017eanju re\u0161enja za automatizaciju za elektronsku industriju specijalizovanu za depanelizaciju.<\/p>\n<p>Tokom godina, oni su postali lideri u razli\u010ditim sektorima kao \u0161to su potro\u0161a\u010dka elektronika, mobilni telefoni i automobili, nadma\u0161ujuc\u0301i zahteve \u010dak i najzahtevnijih standarda vodec\u0301ih kompanija.<\/p>\n","protected":false},"excerpt":{"rendered":"<p>MSTECH, osnovan 1996. godine, ima vi\u0161e od 20 godina iskustva u pru\u017eanju re\u0161enja za automatizaciju za elektronsku industriju specijalizovanu za depanelizaciju. Tokom godina, oni su postali lideri u razli\u010ditim sektorima kao \u0161to su potro\u0161a\u010dka elektronika, mobilni telefoni i automobili, nadma\u0161ujuc\u0301i zahteve \u010dak i najzahtevnijih standarda vodec\u0301ih kompanija.<\/p>\n","protected":false},"featured_media":0,"parent":0,"menu_order":0,"template":"template-product.php","meta":{"_uf_show_specific_survey":0,"_uf_disable_surveys":false},"categories":[99],"class_list":["post-4813","product","type-product","status-publish","hentry","category-depaneling-sr"],"aioseo_notices":[],"_links":{"self":[{"href":"https:\/\/amtest-group.com\/sr\/wp-json\/wp\/v2\/product\/4813","targetHints":{"allow":["GET"]}}],"collection":[{"href":"https:\/\/amtest-group.com\/sr\/wp-json\/wp\/v2\/product"}],"about":[{"href":"https:\/\/amtest-group.com\/sr\/wp-json\/wp\/v2\/types\/product"}],"wp:attachment":[{"href":"https:\/\/amtest-group.com\/sr\/wp-json\/wp\/v2\/media?parent=4813"}],"wp:term":[{"taxonomy":"category","embeddable":true,"href":"https:\/\/amtest-group.com\/sr\/wp-json\/wp\/v2\/categories?post=4813"}],"curies":[{"name":"wp","href":"https:\/\/api.w.org\/{rel}","templated":true}]}}