{"id":30836,"date":"2026-01-02T08:32:17","date_gmt":"2026-01-02T07:32:17","guid":{"rendered":"https:\/\/amtest-group.com\/product\/nordson-ti\/"},"modified":"2026-01-30T10:15:02","modified_gmt":"2026-01-30T09:15:02","slug":"nordson-ti","status":"publish","type":"product","link":"https:\/\/amtest-group.com\/sr\/product\/nordson-ti\/","title":{"rendered":"Nordson Test &#038; Inspection"},"content":{"rendered":"<p><strong>Nordson Test &amp; Inspection<\/strong> predvodi evoluciju opti\u010dke inspekcije pru\u017eaju\u0107i inteligentna i visokoprecizna re\u0161enja za savremenu proizvodnju elektronike.<\/p>\n<p>Njihovi AOI i 3D inspekcioni sistemi kombinuju napredne tehnologije snimanja, algoritme ve\u0161ta\u010dke inteligencije i analitiku u realnom vremenu kako bi sa izuzetnom ta\u010dno\u0161\u0107u detektovali \u010dak i najmanje defekte.<\/p>\n","protected":false},"excerpt":{"rendered":"<p>Nordson Test &amp; Inspection predvodi evoluciju opti\u010dke inspekcije pru\u017eaju\u0107i inteligentna i visokoprecizna re\u0161enja za savremenu proizvodnju elektronike. Njihovi AOI i 3D inspekcioni sistemi kombinuju napredne tehnologije snimanja, algoritme ve\u0161ta\u010dke inteligencije i analitiku u realnom vremenu kako bi sa izuzetnom ta\u010dno\u0161\u0107u detektovali \u010dak i najmanje defekte.<\/p>\n","protected":false},"featured_media":0,"parent":0,"menu_order":0,"template":"template-product.php","meta":{"_uf_show_specific_survey":0,"_uf_disable_surveys":false},"categories":[350,332],"class_list":["post-30836","product","type-product","status-publish","hentry","category-3d-smt-aoi-sr","category-optical-inspection-sr"],"aioseo_notices":[],"_links":{"self":[{"href":"https:\/\/amtest-group.com\/sr\/wp-json\/wp\/v2\/product\/30836","targetHints":{"allow":["GET"]}}],"collection":[{"href":"https:\/\/amtest-group.com\/sr\/wp-json\/wp\/v2\/product"}],"about":[{"href":"https:\/\/amtest-group.com\/sr\/wp-json\/wp\/v2\/types\/product"}],"wp:attachment":[{"href":"https:\/\/amtest-group.com\/sr\/wp-json\/wp\/v2\/media?parent=30836"}],"wp:term":[{"taxonomy":"category","embeddable":true,"href":"https:\/\/amtest-group.com\/sr\/wp-json\/wp\/v2\/categories?post=30836"}],"curies":[{"name":"wp","href":"https:\/\/api.w.org\/{rel}","templated":true}]}}