{"id":30806,"date":"2026-01-02T08:25:39","date_gmt":"2026-01-02T07:25:39","guid":{"rendered":"https:\/\/amtest-group.com\/product\/maker-ray-3\/"},"modified":"2026-01-29T13:21:51","modified_gmt":"2026-01-29T12:21:51","slug":"maker-ray-3","status":"publish","type":"product","link":"https:\/\/amtest-group.com\/sr\/product\/maker-ray-3\/","title":{"rendered":"MAKER-RAY"},"content":{"rendered":"<p><strong>MAKER-RAY<\/strong> je kompanija orijentisana na proizvode, specijalizovana za inteligentna re\u0161enja opti\u010dke inspekcije, sa fokusom na AOI sisteme zasnovane na ve\u0161ta\u010dkoj inteligenciji za THT, SMT i procese nano\u0161enja za\u0161titnih premaza.<\/p>\n<p>Kori\u0161\u0107enjem naprednih algoritama dubokog u\u010denja, <strong>MAKER-RAY<\/strong> unapre\u0111uje efikasnost programiranja i ta\u010dnost detekcije, uz zna\u010dajno smanjenje la\u017enih detekcija \u2013 prevazilaze\u0107i ograni\u010denja tradicionalnih inspekcionih tehnologija.<\/p>\n","protected":false},"excerpt":{"rendered":"<p>MAKER-RAY je kompanija orijentisana na proizvode, specijalizovana za inteligentna re\u0161enja opti\u010dke inspekcije, sa fokusom na AOI sisteme zasnovane na ve\u0161ta\u010dkoj inteligenciji za THT, SMT i procese nano\u0161enja za\u0161titnih premaza. Kori\u0161\u0107enjem naprednih algoritama dubokog u\u010denja, MAKER-RAY unapre\u0111uje efikasnost programiranja i ta\u010dnost detekcije, uz zna\u010dajno smanjenje la\u017enih detekcija \u2013 prevazilaze\u0107i ograni\u010denja tradicionalnih inspekcionih tehnologija.<\/p>\n","protected":false},"featured_media":0,"parent":0,"menu_order":0,"template":"template-product.php","meta":{"_uf_show_specific_survey":0,"_uf_disable_surveys":false},"categories":[350,332],"class_list":["post-30806","product","type-product","status-publish","hentry","category-3d-smt-aoi-sr","category-optical-inspection-sr"],"aioseo_notices":[],"_links":{"self":[{"href":"https:\/\/amtest-group.com\/sr\/wp-json\/wp\/v2\/product\/30806","targetHints":{"allow":["GET"]}}],"collection":[{"href":"https:\/\/amtest-group.com\/sr\/wp-json\/wp\/v2\/product"}],"about":[{"href":"https:\/\/amtest-group.com\/sr\/wp-json\/wp\/v2\/types\/product"}],"wp:attachment":[{"href":"https:\/\/amtest-group.com\/sr\/wp-json\/wp\/v2\/media?parent=30806"}],"wp:term":[{"taxonomy":"category","embeddable":true,"href":"https:\/\/amtest-group.com\/sr\/wp-json\/wp\/v2\/categories?post=30806"}],"curies":[{"name":"wp","href":"https:\/\/api.w.org\/{rel}","templated":true}]}}