{"id":30782,"date":"2026-01-02T09:02:09","date_gmt":"2026-01-02T08:02:09","guid":{"rendered":"https:\/\/amtest-group.com\/product\/mstech-4\/"},"modified":"2026-01-29T09:54:12","modified_gmt":"2026-01-29T08:54:12","slug":"mstech-4","status":"publish","type":"product","link":"https:\/\/amtest-group.com\/sr\/product\/mstech-4\/","title":{"rendered":"MSTech"},"content":{"rendered":"<p><strong>MSTECH<\/strong>, osnovan 1996. godine, pionir je u oblasti automatizacije i inspekcionih re\u0161enja za globalnu elektronsku industriju.<\/p>\n<p>Oslanjaju\u0107i se na vi\u0161e od dvadeset godina tehnolo\u0161kog iskustva, kompanija isporu\u010duje najsavremenije sisteme za inspekciju konformnih premaza, projektovane da obezbede savr\u0161enu pokrivenost premaza, preciznu kontrolu debljine i zavr\u0161nu obradu bez nedostataka.<\/p>\n","protected":false},"excerpt":{"rendered":"<p>MSTECH, osnovan 1996. godine, pionir je u oblasti automatizacije i inspekcionih re\u0161enja za globalnu elektronsku industriju. Oslanjaju\u0107i se na vi\u0161e od dvadeset godina tehnolo\u0161kog iskustva, kompanija isporu\u010duje najsavremenije sisteme za inspekciju konformnih premaza, projektovane da obezbede savr\u0161enu pokrivenost premaza, preciznu kontrolu debljine i zavr\u0161nu obradu bez nedostataka.<\/p>\n","protected":false},"featured_media":0,"parent":0,"menu_order":0,"template":"template-product.php","meta":{"_uf_show_specific_survey":0,"_uf_disable_surveys":false},"categories":[352,332],"class_list":["post-30782","product","type-product","status-publish","hentry","category-conformal-coat-inspection-sr","category-optical-inspection-sr"],"aioseo_notices":[],"_links":{"self":[{"href":"https:\/\/amtest-group.com\/sr\/wp-json\/wp\/v2\/product\/30782","targetHints":{"allow":["GET"]}}],"collection":[{"href":"https:\/\/amtest-group.com\/sr\/wp-json\/wp\/v2\/product"}],"about":[{"href":"https:\/\/amtest-group.com\/sr\/wp-json\/wp\/v2\/types\/product"}],"wp:attachment":[{"href":"https:\/\/amtest-group.com\/sr\/wp-json\/wp\/v2\/media?parent=30782"}],"wp:term":[{"taxonomy":"category","embeddable":true,"href":"https:\/\/amtest-group.com\/sr\/wp-json\/wp\/v2\/categories?post=30782"}],"curies":[{"name":"wp","href":"https:\/\/api.w.org\/{rel}","templated":true}]}}