{"id":192,"date":"2023-04-19T12:26:45","date_gmt":"2023-04-19T10:26:45","guid":{"rendered":"https:\/\/amtest.virtus3-projekti.com\/?post_type=product&#038;p=192"},"modified":"2024-09-18T14:54:25","modified_gmt":"2024-09-18T12:54:25","slug":"nordson-ti-3","status":"publish","type":"product","link":"https:\/\/amtest-group.com\/sr\/product\/nordson-ti-3\/","title":{"rendered":"Nordson Test &#038; Inspection (acoustic)"},"content":{"rendered":"<p><strong>Nordson Test &amp; Inspection<\/strong> je vode\u0107i projektant i proizvo\u0111a\u010d akusti\u010dnih mikroskopa i sofisticiranih sistema za akusti\u010dnu mikro snimanje, koji se \u0161iroko koriste za nedestruktivnu analizu defekata u industrijskim proizvodima i poluprovodni\u010dkim ure\u0111ajima.<\/p>\n","protected":false},"excerpt":{"rendered":"<p>Nordson Test &amp; Inspection je vode\u0107i projektant i proizvo\u0111a\u010d akusti\u010dnih mikroskopa i sofisticiranih sistema za akusti\u010dnu mikro snimanje, koji se \u0161iroko koriste za nedestruktivnu analizu defekata u industrijskim proizvodima i poluprovodni\u010dkim ure\u0111ajima.<\/p>\n","protected":false},"featured_media":0,"parent":0,"menu_order":0,"template":"template-product.php","meta":{"_uf_show_specific_survey":0,"_uf_disable_surveys":false},"categories":[103],"class_list":["post-192","product","type-product","status-publish","hentry","category-test-sr"],"aioseo_notices":[],"_links":{"self":[{"href":"https:\/\/amtest-group.com\/sr\/wp-json\/wp\/v2\/product\/192","targetHints":{"allow":["GET"]}}],"collection":[{"href":"https:\/\/amtest-group.com\/sr\/wp-json\/wp\/v2\/product"}],"about":[{"href":"https:\/\/amtest-group.com\/sr\/wp-json\/wp\/v2\/types\/product"}],"wp:attachment":[{"href":"https:\/\/amtest-group.com\/sr\/wp-json\/wp\/v2\/media?parent=192"}],"wp:term":[{"taxonomy":"category","embeddable":true,"href":"https:\/\/amtest-group.com\/sr\/wp-json\/wp\/v2\/categories?post=192"}],"curies":[{"name":"wp","href":"https:\/\/api.w.org\/{rel}","templated":true}]}}