{"id":191,"date":"2023-04-19T12:28:58","date_gmt":"2023-04-19T10:28:58","guid":{"rendered":"https:\/\/amtest.virtus3-projekti.com\/?post_type=product&#038;p=191"},"modified":"2024-09-18T14:40:45","modified_gmt":"2024-09-18T12:40:45","slug":"nordson-ti-2","status":"publish","type":"product","link":"https:\/\/amtest-group.com\/sr\/product\/nordson-ti-2\/","title":{"rendered":"Nordson Test &#038; Inspection"},"content":{"rendered":"<p><span style=\"font-weight: 400;\">Konstantan kvalitet je od presudnog zna\u010daja za testiranje. <\/span><b>Nordson Test &amp; Inspection<\/b><span style=\"font-weight: 400;\"> nudi jedno re\u0161enje za sve potrebe mehani\u010dkog testiranja. <\/span><\/p>\n","protected":false},"excerpt":{"rendered":"<p>Konstantan kvalitet je od presudnog zna\u010daja za testiranje. Nordson Test &amp; Inspection nudi jedno re\u0161enje za sve potrebe mehani\u010dkog testiranja.<\/p>\n","protected":false},"featured_media":0,"parent":0,"menu_order":0,"template":"template-product.php","meta":{"_uf_show_specific_survey":0,"_uf_disable_surveys":false},"categories":[103],"class_list":["post-191","product","type-product","status-publish","hentry","category-test-sr"],"aioseo_notices":[],"_links":{"self":[{"href":"https:\/\/amtest-group.com\/sr\/wp-json\/wp\/v2\/product\/191","targetHints":{"allow":["GET"]}}],"collection":[{"href":"https:\/\/amtest-group.com\/sr\/wp-json\/wp\/v2\/product"}],"about":[{"href":"https:\/\/amtest-group.com\/sr\/wp-json\/wp\/v2\/types\/product"}],"wp:attachment":[{"href":"https:\/\/amtest-group.com\/sr\/wp-json\/wp\/v2\/media?parent=191"}],"wp:term":[{"taxonomy":"category","embeddable":true,"href":"https:\/\/amtest-group.com\/sr\/wp-json\/wp\/v2\/categories?post=191"}],"curies":[{"name":"wp","href":"https:\/\/api.w.org\/{rel}","templated":true}]}}