{"id":190,"date":"2023-04-19T12:29:27","date_gmt":"2023-04-19T10:29:27","guid":{"rendered":"https:\/\/amtest.virtus3-projekti.com\/?post_type=product&#038;p=190"},"modified":"2023-05-25T14:39:26","modified_gmt":"2023-05-25T12:39:26","slug":"gen3","status":"publish","type":"product","link":"https:\/\/amtest-group.com\/sr\/product\/gen3\/","title":{"rendered":"Gen3"},"content":{"rendered":"<p><b>Gen3 Systems<\/b><span style=\"font-weight: 400;\"> ve\u0107 preko 40 godina proizvodi re\u0161enja za testiranje\/ispitivanje i merenje u elektronskoj industriji. <\/span><\/p>\n<p><span style=\"font-weight: 400;\">Ova kompanija projektuje i proizvodi opremu za ispitivanje koja \u0161titi Va\u0161a elektri\u010dna kola od kvarova u upotrebi.\u00a0<\/span><\/p>\n","protected":false},"excerpt":{"rendered":"<p>Gen3 Systems ve\u0107 preko 40 godina proizvodi re\u0161enja za testiranje\/ispitivanje i merenje u elektronskoj industriji. Ova kompanija projektuje i proizvodi opremu za ispitivanje koja \u0161titi Va\u0161a elektri\u010dna kola od kvarova u upotrebi.\u00a0<\/p>\n","protected":false},"featured_media":0,"parent":0,"menu_order":0,"template":"template-product.php","meta":{"_uf_show_specific_survey":0,"_uf_disable_surveys":false},"categories":[103],"class_list":["post-190","product","type-product","status-publish","hentry","category-test-sr"],"aioseo_notices":[],"_links":{"self":[{"href":"https:\/\/amtest-group.com\/sr\/wp-json\/wp\/v2\/product\/190","targetHints":{"allow":["GET"]}}],"collection":[{"href":"https:\/\/amtest-group.com\/sr\/wp-json\/wp\/v2\/product"}],"about":[{"href":"https:\/\/amtest-group.com\/sr\/wp-json\/wp\/v2\/types\/product"}],"wp:attachment":[{"href":"https:\/\/amtest-group.com\/sr\/wp-json\/wp\/v2\/media?parent=190"}],"wp:term":[{"taxonomy":"category","embeddable":true,"href":"https:\/\/amtest-group.com\/sr\/wp-json\/wp\/v2\/categories?post=190"}],"curies":[{"name":"wp","href":"https:\/\/api.w.org\/{rel}","templated":true}]}}