{"id":187,"date":"2023-04-19T12:24:50","date_gmt":"2023-04-19T10:24:50","guid":{"rendered":"https:\/\/amtest.virtus3-projekti.com\/?post_type=product&#038;p=187"},"modified":"2023-05-25T16:13:37","modified_gmt":"2023-05-25T14:13:37","slug":"x-treme-series","status":"publish","type":"product","link":"https:\/\/amtest-group.com\/sr\/product\/x-treme-series\/","title":{"rendered":"X-Treme Series"},"content":{"rendered":"<p><b>X-Treme Series<\/b><span style=\"font-weight: 400;\"> je in\u017eenjerska kompanija sa sedi\u0161tem u Turskoj, prisutna je na tr\u017ei\u0161tu od 1987. godine i za\u0161titni je znak EMT Electronics za automatizovane komore za skladi\u0161tenje i odr\u017eavanje kvaliteta funkcionalnosti SMT komponenti.<\/span><\/p>\n<p>&nbsp;<\/p>\n","protected":false},"excerpt":{"rendered":"<p>X-Treme Series je in\u017eenjerska kompanija sa sedi\u0161tem u Turskoj, prisutna je na tr\u017ei\u0161tu od 1987. godine i za\u0161titni je znak EMT Electronics za automatizovane komore za skladi\u0161tenje i odr\u017eavanje kvaliteta funkcionalnosti SMT komponenti. &nbsp;<\/p>\n","protected":false},"featured_media":0,"parent":0,"menu_order":0,"template":"template-product.php","meta":{"_uf_show_specific_survey":0,"_uf_disable_surveys":false},"categories":[100],"class_list":["post-187","product","type-product","status-publish","hentry","category-auto-dry-cabinets-sr"],"aioseo_notices":[],"_links":{"self":[{"href":"https:\/\/amtest-group.com\/sr\/wp-json\/wp\/v2\/product\/187","targetHints":{"allow":["GET"]}}],"collection":[{"href":"https:\/\/amtest-group.com\/sr\/wp-json\/wp\/v2\/product"}],"about":[{"href":"https:\/\/amtest-group.com\/sr\/wp-json\/wp\/v2\/types\/product"}],"wp:attachment":[{"href":"https:\/\/amtest-group.com\/sr\/wp-json\/wp\/v2\/media?parent=187"}],"wp:term":[{"taxonomy":"category","embeddable":true,"href":"https:\/\/amtest-group.com\/sr\/wp-json\/wp\/v2\/categories?post=187"}],"curies":[{"name":"wp","href":"https:\/\/api.w.org\/{rel}","templated":true}]}}