{"id":186,"date":"2023-04-19T12:22:54","date_gmt":"2023-04-19T10:22:54","guid":{"rendered":"https:\/\/amtest.virtus3-projekti.com\/?post_type=product&#038;p=186"},"modified":"2023-05-25T14:04:02","modified_gmt":"2023-05-25T12:04:02","slug":"elite-automatic","status":"publish","type":"product","link":"https:\/\/amtest-group.com\/sr\/product\/elite-automatic\/","title":{"rendered":"Elite Automatic"},"content":{"rendered":"<p><span style=\"font-weight: 400;\">Tajvanska firma <\/span><b>Elite Automatic Co., Ltd<\/b><span style=\"font-weight: 400;\"> je za 30 godina poslovanja stekla reputaciju kvalitetnog partnera posve\u0107enog razvoju i unapre\u0111enju proizvoda za svoje klijente u SMT industriji.<\/span><\/p>\n<p><b>Elite Automatic<\/b><span style=\"font-weight: 400;\"> je najbolje re\u0161enje za razdvajanje panela. U ponudi su vanlinijske masine sa jednim ili dva radna stola i kompletno automatizovani Elite linijski sistem.<\/span><\/p>\n","protected":false},"excerpt":{"rendered":"<p>Tajvanska firma Elite Automatic Co., Ltd je za 30 godina poslovanja stekla reputaciju kvalitetnog partnera posve\u0107enog razvoju i unapre\u0111enju proizvoda za svoje klijente u SMT industriji. Elite Automatic je najbolje re\u0161enje za razdvajanje panela. U ponudi su vanlinijske masine sa jednim ili dva radna stola i kompletno automatizovani Elite linijski sistem.<\/p>\n","protected":false},"featured_media":0,"parent":0,"menu_order":0,"template":"template-product.php","meta":{"_uf_show_specific_survey":0,"_uf_disable_surveys":false},"categories":[99],"class_list":["post-186","product","type-product","status-publish","hentry","category-depaneling-sr"],"aioseo_notices":[],"_links":{"self":[{"href":"https:\/\/amtest-group.com\/sr\/wp-json\/wp\/v2\/product\/186","targetHints":{"allow":["GET"]}}],"collection":[{"href":"https:\/\/amtest-group.com\/sr\/wp-json\/wp\/v2\/product"}],"about":[{"href":"https:\/\/amtest-group.com\/sr\/wp-json\/wp\/v2\/types\/product"}],"wp:attachment":[{"href":"https:\/\/amtest-group.com\/sr\/wp-json\/wp\/v2\/media?parent=186"}],"wp:term":[{"taxonomy":"category","embeddable":true,"href":"https:\/\/amtest-group.com\/sr\/wp-json\/wp\/v2\/categories?post=186"}],"curies":[{"name":"wp","href":"https:\/\/api.w.org\/{rel}","templated":true}]}}