{"id":184,"date":"2023-04-19T12:20:36","date_gmt":"2023-04-19T10:20:36","guid":{"rendered":"https:\/\/amtest.virtus3-projekti.com\/?post_type=product&#038;p=184"},"modified":"2023-05-25T13:50:18","modified_gmt":"2023-05-25T11:50:18","slug":"e-flex-smt-microsystems","status":"publish","type":"product","link":"https:\/\/amtest-group.com\/sr\/product\/e-flex-smt-microsystems\/","title":{"rendered":"e-Flex SMT Microsystems"},"content":{"rendered":"<p><span style=\"font-weight: 400;\">Hongkong\u0161ka kompanija <strong>e-Flex<\/strong> nudi najrazli\u010ditija standardizovana i prilago\u0111ena re\u0161enja za board handling, koja zadovoljavaju svaku potrebu po prilagodljivim cenama, uklju\u010duju\u0107i integraciju u slo\u017eene projekte za masovnu proizvodnju coating projekata.<\/span><\/p>\n<p><b>e-Flex<\/b><span style=\"font-weight: 400;\"> neprekidno razvija nova re\u0161enja, uklju\u010duju\u0107i posebno prilago\u0111ene sisteme za najzahtevnije potrebe.<\/span><\/p>\n","protected":false},"excerpt":{"rendered":"<p>Hongkong\u0161ka kompanija e-Flex nudi najrazli\u010ditija standardizovana i prilago\u0111ena re\u0161enja za board handling, koja zadovoljavaju svaku potrebu po prilagodljivim cenama, uklju\u010duju\u0107i integraciju u slo\u017eene projekte za masovnu proizvodnju coating projekata. e-Flex neprekidno razvija nova re\u0161enja, uklju\u010duju\u0107i posebno prilago\u0111ene sisteme za najzahtevnije potrebe.<\/p>\n","protected":false},"featured_media":0,"parent":0,"menu_order":0,"template":"template-product.php","meta":{"_uf_show_specific_survey":0,"_uf_disable_surveys":false},"categories":[97],"class_list":["post-184","product","type-product","status-publish","hentry","category-board-handling-sr"],"aioseo_notices":[],"_links":{"self":[{"href":"https:\/\/amtest-group.com\/sr\/wp-json\/wp\/v2\/product\/184","targetHints":{"allow":["GET"]}}],"collection":[{"href":"https:\/\/amtest-group.com\/sr\/wp-json\/wp\/v2\/product"}],"about":[{"href":"https:\/\/amtest-group.com\/sr\/wp-json\/wp\/v2\/types\/product"}],"wp:attachment":[{"href":"https:\/\/amtest-group.com\/sr\/wp-json\/wp\/v2\/media?parent=184"}],"wp:term":[{"taxonomy":"category","embeddable":true,"href":"https:\/\/amtest-group.com\/sr\/wp-json\/wp\/v2\/categories?post=184"}],"curies":[{"name":"wp","href":"https:\/\/api.w.org\/{rel}","templated":true}]}}