{"id":180,"date":"2023-04-19T12:15:08","date_gmt":"2023-04-19T10:15:08","guid":{"rendered":"https:\/\/amtest.virtus3-projekti.com\/?post_type=product&#038;p=180"},"modified":"2023-05-25T14:19:31","modified_gmt":"2023-05-25T12:19:31","slug":"ese","status":"publish","type":"product","link":"https:\/\/amtest-group.com\/sr\/product\/ese\/","title":{"rendered":"ESE"},"content":{"rendered":"<p><b>ESE<\/b><span style=\"font-weight: 400;\"> je najve\u0107a ju\u017enokorejska kompanija koja razvija i proizvodi ma\u0161ine za nano\u0161enje lemne paste i re\u0161enja za SMT tehnologiju.<\/span><\/p>\n","protected":false},"excerpt":{"rendered":"<p>ESE je najve\u0107a ju\u017enokorejska kompanija koja razvija i proizvodi ma\u0161ine za nano\u0161enje lemne paste i re\u0161enja za SMT tehnologiju.<\/p>\n","protected":false},"featured_media":0,"parent":0,"menu_order":0,"template":"template-product.php","meta":{"_uf_show_specific_survey":0,"_uf_disable_surveys":false},"categories":[94],"class_list":["post-180","product","type-product","status-publish","hentry","category-printing-sr"],"aioseo_notices":[],"_links":{"self":[{"href":"https:\/\/amtest-group.com\/sr\/wp-json\/wp\/v2\/product\/180","targetHints":{"allow":["GET"]}}],"collection":[{"href":"https:\/\/amtest-group.com\/sr\/wp-json\/wp\/v2\/product"}],"about":[{"href":"https:\/\/amtest-group.com\/sr\/wp-json\/wp\/v2\/types\/product"}],"wp:attachment":[{"href":"https:\/\/amtest-group.com\/sr\/wp-json\/wp\/v2\/media?parent=180"}],"wp:term":[{"taxonomy":"category","embeddable":true,"href":"https:\/\/amtest-group.com\/sr\/wp-json\/wp\/v2\/categories?post=180"}],"curies":[{"name":"wp","href":"https:\/\/api.w.org\/{rel}","templated":true}]}}