{"id":179,"date":"2023-04-19T11:35:35","date_gmt":"2023-04-19T09:35:35","guid":{"rendered":"https:\/\/amtest.virtus3-projekti.com\/?post_type=product&#038;p=179"},"modified":"2023-05-25T16:02:25","modified_gmt":"2023-05-25T14:02:25","slug":"nordson-select","status":"publish","type":"product","link":"https:\/\/amtest-group.com\/sr\/product\/nordson-select\/","title":{"rendered":"Nordson Select"},"content":{"rendered":"<p><b>Nordson<\/b><span style=\"font-weight: 400;\"> &#8211; kompanija koja se nalazi na berzi NASDAQ, a proizvode Nordson <\/span><b>Select<\/b><span style=\"font-weight: 400;\"> izra\u0111uje u Nema\u010dkoj, bele\u017ei brz rast na tr\u017ei\u0161tu re\u0161enja za selektivno lemljenje za koja poseduje i globalnu servisnu mre\u017eu.<\/span><\/p>\n","protected":false},"excerpt":{"rendered":"<p>Nordson &#8211; kompanija koja se nalazi na berzi NASDAQ, a proizvode Nordson Select izra\u0111uje u Nema\u010dkoj, bele\u017ei brz rast na tr\u017ei\u0161tu re\u0161enja za selektivno lemljenje za koja poseduje i globalnu servisnu mre\u017eu.<\/p>\n","protected":false},"featured_media":0,"parent":0,"menu_order":0,"template":"template-product.php","meta":{"_uf_show_specific_survey":0,"_uf_disable_surveys":false},"categories":[93],"class_list":["post-179","product","type-product","status-publish","hentry","category-selective-soldering-sr"],"aioseo_notices":[],"_links":{"self":[{"href":"https:\/\/amtest-group.com\/sr\/wp-json\/wp\/v2\/product\/179","targetHints":{"allow":["GET"]}}],"collection":[{"href":"https:\/\/amtest-group.com\/sr\/wp-json\/wp\/v2\/product"}],"about":[{"href":"https:\/\/amtest-group.com\/sr\/wp-json\/wp\/v2\/types\/product"}],"wp:attachment":[{"href":"https:\/\/amtest-group.com\/sr\/wp-json\/wp\/v2\/media?parent=179"}],"wp:term":[{"taxonomy":"category","embeddable":true,"href":"https:\/\/amtest-group.com\/sr\/wp-json\/wp\/v2\/categories?post=179"}],"curies":[{"name":"wp","href":"https:\/\/api.w.org\/{rel}","templated":true}]}}