{"id":177,"date":"2023-04-19T11:35:37","date_gmt":"2023-04-19T09:35:37","guid":{"rendered":"https:\/\/amtest.virtus3-projekti.com\/?post_type=product&#038;p=177"},"modified":"2024-09-18T15:07:01","modified_gmt":"2024-09-18T13:07:01","slug":"nordson-ti-4","status":"publish","type":"product","link":"https:\/\/amtest-group.com\/sr\/product\/nordson-ti-4\/","title":{"rendered":"Nordson Test &#038; Inspection (manual)"},"content":{"rendered":"<p><b>Nordson Test &amp; Inspection<\/b><span style=\"font-weight: 400;\"> je svetski lider na polju rendgenske inspekcije u elektronskoj industriji i nudi najkvalitetnije rendgenske sisteme razli\u010ditih rezolucija koji su u stanju da prepoznaju razli\u010dita svojstva komponenti. Re\u010d je o re\u0161enjima koja primenu nalaze u laboratoriji, ali i u proizvodnom pogonu.\u00a0<\/span><\/p>\n","protected":false},"excerpt":{"rendered":"<p>Nordson Test &amp; Inspection je svetski lider na polju rendgenske inspekcije u elektronskoj industriji i nudi najkvalitetnije rendgenske sisteme razli\u010ditih rezolucija koji su u stanju da prepoznaju razli\u010dita svojstva komponenti. Re\u010d je o re\u0161enjima koja primenu nalaze u laboratoriji, ali i u proizvodnom pogonu.\u00a0<\/p>\n","protected":false},"featured_media":0,"parent":0,"menu_order":0,"template":"template-product.php","meta":{"_uf_show_specific_survey":0,"_uf_disable_surveys":false},"categories":[92],"class_list":["post-177","product","type-product","status-publish","hentry","category-x-ray-inspection-sr"],"aioseo_notices":[],"_links":{"self":[{"href":"https:\/\/amtest-group.com\/sr\/wp-json\/wp\/v2\/product\/177","targetHints":{"allow":["GET"]}}],"collection":[{"href":"https:\/\/amtest-group.com\/sr\/wp-json\/wp\/v2\/product"}],"about":[{"href":"https:\/\/amtest-group.com\/sr\/wp-json\/wp\/v2\/types\/product"}],"wp:attachment":[{"href":"https:\/\/amtest-group.com\/sr\/wp-json\/wp\/v2\/media?parent=177"}],"wp:term":[{"taxonomy":"category","embeddable":true,"href":"https:\/\/amtest-group.com\/sr\/wp-json\/wp\/v2\/categories?post=177"}],"curies":[{"name":"wp","href":"https:\/\/api.w.org\/{rel}","templated":true}]}}