{"id":176,"date":"2023-04-19T11:28:46","date_gmt":"2023-04-19T09:28:46","guid":{"rendered":"https:\/\/amtest.virtus3-projekti.com\/?post_type=product&#038;p=176"},"modified":"2024-09-18T14:38:47","modified_gmt":"2024-09-18T12:38:47","slug":"nordson-ti-1","status":"publish","type":"product","link":"https:\/\/amtest-group.com\/sr\/product\/nordson-ti-1\/","title":{"rendered":"Nordson Test &#038; Inspection"},"content":{"rendered":"<p><span style=\"font-weight: 400;\">N<\/span><span style=\"font-weight: 400;\">ajbr\u017ei rendgenski broja\u010d komponenti na tr\u017ei\u0161tu, inteligentno softversko re\u0161enje jednostavno za kori\u0161\u0107enje, tehnologija rendgenskih cevi <\/span><b>Nordson<\/b><span style=\"font-weight: 400;\"> (\u017eivotni vek od 8 do 10 hiljada radnih sati), najpopularniji model <\/span><b>Assure<\/b><span style=\"font-weight: 400;\"> (u ponudi od 2016). <\/span><\/p>\n","protected":false},"excerpt":{"rendered":"<p>Najbr\u017ei rendgenski broja\u010d komponenti na tr\u017ei\u0161tu, inteligentno softversko re\u0161enje jednostavno za kori\u0161\u0107enje, tehnologija rendgenskih cevi Nordson (\u017eivotni vek od 8 do 10 hiljada radnih sati), najpopularniji model Assure (u ponudi od 2016).<\/p>\n","protected":false},"featured_media":0,"parent":0,"menu_order":0,"template":"template-product.php","meta":{"_uf_show_specific_survey":0,"_uf_disable_surveys":false},"categories":[91],"class_list":["post-176","product","type-product","status-publish","hentry","category-component-counting-sr"],"aioseo_notices":[],"_links":{"self":[{"href":"https:\/\/amtest-group.com\/sr\/wp-json\/wp\/v2\/product\/176","targetHints":{"allow":["GET"]}}],"collection":[{"href":"https:\/\/amtest-group.com\/sr\/wp-json\/wp\/v2\/product"}],"about":[{"href":"https:\/\/amtest-group.com\/sr\/wp-json\/wp\/v2\/types\/product"}],"wp:attachment":[{"href":"https:\/\/amtest-group.com\/sr\/wp-json\/wp\/v2\/media?parent=176"}],"wp:term":[{"taxonomy":"category","embeddable":true,"href":"https:\/\/amtest-group.com\/sr\/wp-json\/wp\/v2\/categories?post=176"}],"curies":[{"name":"wp","href":"https:\/\/api.w.org\/{rel}","templated":true}]}}