{"id":175,"date":"2023-04-19T11:27:33","date_gmt":"2023-04-19T09:27:33","guid":{"rendered":"https:\/\/amtest.virtus3-projekti.com\/?post_type=product&#038;p=175"},"modified":"2023-05-25T13:28:21","modified_gmt":"2023-05-25T11:28:21","slug":"cyberoptics","status":"publish","type":"product","link":"https:\/\/amtest-group.com\/sr\/product\/cyberoptics\/","title":{"rendered":"CyberOptics"},"content":{"rendered":"<p><b>CyberOptics<\/b><span style=\"font-weight: 400;\"> je vode\u0107a kompanija na polju razvoja i izrade 3D senzorskih tehnologija visoke preciznosti.<\/span><\/p>\n<p><span style=\"font-weight: 400;\">Ure\u0111aj <strong>SQ3000<\/strong> je re\u0161enje sve-u-jednom koje je opremljeno paketom alata za inspekciju, koji pokrivaju inspekciju i merenje za AOI, SPI i CMM aplikacije.<\/span><\/p>\n","protected":false},"excerpt":{"rendered":"<p>CyberOptics je vode\u0107a kompanija na polju razvoja i izrade 3D senzorskih tehnologija visoke preciznosti. Ure\u0111aj SQ3000 je re\u0161enje sve-u-jednom koje je opremljeno paketom alata za inspekciju, koji pokrivaju inspekciju i merenje za AOI, SPI i CMM aplikacije.<\/p>\n","protected":false},"featured_media":0,"parent":0,"menu_order":0,"template":"template-product.php","meta":{"_uf_show_specific_survey":0,"_uf_disable_surveys":false},"categories":[90],"class_list":["post-175","product","type-product","status-publish","hentry","category-3d-aoi-3d-spi-sr"],"aioseo_notices":[],"_links":{"self":[{"href":"https:\/\/amtest-group.com\/sr\/wp-json\/wp\/v2\/product\/175","targetHints":{"allow":["GET"]}}],"collection":[{"href":"https:\/\/amtest-group.com\/sr\/wp-json\/wp\/v2\/product"}],"about":[{"href":"https:\/\/amtest-group.com\/sr\/wp-json\/wp\/v2\/types\/product"}],"wp:attachment":[{"href":"https:\/\/amtest-group.com\/sr\/wp-json\/wp\/v2\/media?parent=175"}],"wp:term":[{"taxonomy":"category","embeddable":true,"href":"https:\/\/amtest-group.com\/sr\/wp-json\/wp\/v2\/categories?post=175"}],"curies":[{"name":"wp","href":"https:\/\/api.w.org\/{rel}","templated":true}]}}