{"id":173,"date":"2023-05-12T11:11:54","date_gmt":"2023-05-12T09:11:54","guid":{"rendered":"https:\/\/amtest.virtus3-projekti.com\/?post_type=product&#038;p=173"},"modified":"2023-05-25T15:43:35","modified_gmt":"2023-05-25T13:43:35","slug":"nordson-asymtek-3","status":"publish","type":"product","link":"https:\/\/amtest-group.com\/sr\/product\/nordson-asymtek-3\/","title":{"rendered":"Nordson Asymtek"},"content":{"rendered":"<p><b>Nordson<\/b><span style=\"font-weight: 400;\"> \u2013 kompanija koja se nalazi na berzi NASDAQ sa proizvodnim pogonima u SAD \u2013 nudi ure\u0111aje firme <\/span><b>Asymtek<\/b><span style=\"font-weight: 400;\">, vi\u0161estruko nagra\u0111ene automatizovane sisteme za dispensing, koji obezbe\u0111uju brzinu, kvalitet i fleksibilnost u zahtevnim situacijama u kojima je preciznost od presudnog zna\u010daja. <\/span><\/p>\n<p><span style=\"font-weight: 400;\">U ponudi su i vi\u0161estruko nagra\u0111ivani ventili za doziranje najrazli\u010ditijih vrsta dispensing materijala u skladu sa potrebama korisnika.<\/span><\/p>\n","protected":false},"excerpt":{"rendered":"<p>Nordson \u2013 kompanija koja se nalazi na berzi NASDAQ sa proizvodnim pogonima u SAD \u2013 nudi ure\u0111aje firme Asymtek, vi\u0161estruko nagra\u0111ene automatizovane sisteme za dispensing, koji obezbe\u0111uju brzinu, kvalitet i fleksibilnost u zahtevnim situacijama u kojima je preciznost od presudnog zna\u010daja. U ponudi su i vi\u0161estruko nagra\u0111ivani ventili za doziranje najrazli\u010ditijih vrsta dispensing materijala u [&hellip;]<\/p>\n","protected":false},"featured_media":0,"parent":0,"menu_order":0,"template":"template-product.php","meta":{"_uf_show_specific_survey":0,"_uf_disable_surveys":false},"categories":[88],"class_list":["post-173","product","type-product","status-publish","hentry","category-dispensing-sr"],"aioseo_notices":[],"_links":{"self":[{"href":"https:\/\/amtest-group.com\/sr\/wp-json\/wp\/v2\/product\/173","targetHints":{"allow":["GET"]}}],"collection":[{"href":"https:\/\/amtest-group.com\/sr\/wp-json\/wp\/v2\/product"}],"about":[{"href":"https:\/\/amtest-group.com\/sr\/wp-json\/wp\/v2\/types\/product"}],"wp:attachment":[{"href":"https:\/\/amtest-group.com\/sr\/wp-json\/wp\/v2\/media?parent=173"}],"wp:term":[{"taxonomy":"category","embeddable":true,"href":"https:\/\/amtest-group.com\/sr\/wp-json\/wp\/v2\/categories?post=173"}],"curies":[{"name":"wp","href":"https:\/\/api.w.org\/{rel}","templated":true}]}}