{"id":171,"date":"2023-04-19T11:20:13","date_gmt":"2023-04-19T09:20:13","guid":{"rendered":"https:\/\/amtest.virtus3-projekti.com\/?post_type=product&#038;p=171"},"modified":"2023-05-25T15:35:37","modified_gmt":"2023-05-25T13:35:37","slug":"nordson-asymtek-2","status":"publish","type":"product","link":"https:\/\/amtest-group.com\/sr\/product\/nordson-asymtek-2\/","title":{"rendered":"Nordson Asymtek"},"content":{"rendered":"<p><span style=\"font-weight: 400;\">Nakon \u0161to je kompanija <\/span><b>Nordson<\/b><span style=\"font-weight: 400;\"> uspe\u0161no na tr\u017ei\u0161te uvela koncept automatizovane opti\u010dke inspekcije za coating (ACI), njen ure\u0111aj <\/span><b>Nordson Asymtek<\/b><span style=\"font-weight: 400;\"> FX 940 UV ACI postao je deo programa integrisane opreme i vode\u0107e re\u0161enje za coating inspekciju.<\/span><\/p>\n","protected":false},"excerpt":{"rendered":"<p>Nakon \u0161to je kompanija Nordson uspe\u0161no na tr\u017ei\u0161te uvela koncept automatizovane opti\u010dke inspekcije za coating (ACI), njen ure\u0111aj Nordson Asymtek FX 940 UV ACI postao je deo programa integrisane opreme i vode\u0107e re\u0161enje za coating inspekciju.<\/p>\n","protected":false},"featured_media":0,"parent":0,"menu_order":0,"template":"template-product.php","meta":{"_uf_show_specific_survey":0,"_uf_disable_surveys":false},"categories":[87],"class_list":["post-171","product","type-product","status-publish","hentry","category-coating-inspection-sr"],"aioseo_notices":[],"_links":{"self":[{"href":"https:\/\/amtest-group.com\/sr\/wp-json\/wp\/v2\/product\/171","targetHints":{"allow":["GET"]}}],"collection":[{"href":"https:\/\/amtest-group.com\/sr\/wp-json\/wp\/v2\/product"}],"about":[{"href":"https:\/\/amtest-group.com\/sr\/wp-json\/wp\/v2\/types\/product"}],"wp:attachment":[{"href":"https:\/\/amtest-group.com\/sr\/wp-json\/wp\/v2\/media?parent=171"}],"wp:term":[{"taxonomy":"category","embeddable":true,"href":"https:\/\/amtest-group.com\/sr\/wp-json\/wp\/v2\/categories?post=171"}],"curies":[{"name":"wp","href":"https:\/\/api.w.org\/{rel}","templated":true}]}}