{"id":170,"date":"2023-04-19T11:18:07","date_gmt":"2023-04-19T09:18:07","guid":{"rendered":"https:\/\/amtest.virtus3-projekti.com\/?post_type=product&#038;p=170"},"modified":"2023-05-25T14:27:37","modified_gmt":"2023-05-25T12:27:37","slug":"exelsius","status":"publish","type":"product","link":"https:\/\/amtest-group.com\/sr\/product\/exelsius\/","title":{"rendered":"Exelsius"},"content":{"rendered":"<p><b>Exelsius<\/b><span style=\"font-weight: 400;\"> jo\u0161 od 1990. projektuje, proizvodi i servisira najkvalitetniju opremu za proizvodnju \u0161tampanih plo\u010da i prisutan je u najrazli\u010ditijim sektorima, od avijacije i namenske industrije pa sve do automobilske industrije i proizvodnje elektronike.<\/span><\/p>\n","protected":false},"excerpt":{"rendered":"<p>Exelsius jo\u0161 od 1990. projektuje, proizvodi i servisira najkvalitetniju opremu za proizvodnju \u0161tampanih plo\u010da i prisutan je u najrazli\u010ditijim sektorima, od avijacije i namenske industrije pa sve do automobilske industrije i proizvodnje elektronike.<\/p>\n","protected":false},"featured_media":0,"parent":0,"menu_order":0,"template":"template-product.php","meta":{"_uf_show_specific_survey":0,"_uf_disable_surveys":false},"categories":[86],"class_list":["post-170","product","type-product","status-publish","hentry","category-plasma-activation-sr"],"aioseo_notices":[],"_links":{"self":[{"href":"https:\/\/amtest-group.com\/sr\/wp-json\/wp\/v2\/product\/170","targetHints":{"allow":["GET"]}}],"collection":[{"href":"https:\/\/amtest-group.com\/sr\/wp-json\/wp\/v2\/product"}],"about":[{"href":"https:\/\/amtest-group.com\/sr\/wp-json\/wp\/v2\/types\/product"}],"wp:attachment":[{"href":"https:\/\/amtest-group.com\/sr\/wp-json\/wp\/v2\/media?parent=170"}],"wp:term":[{"taxonomy":"category","embeddable":true,"href":"https:\/\/amtest-group.com\/sr\/wp-json\/wp\/v2\/categories?post=170"}],"curies":[{"name":"wp","href":"https:\/\/api.w.org\/{rel}","templated":true}]}}