{"id":169,"date":"2023-04-19T11:15:52","date_gmt":"2023-04-19T09:15:52","guid":{"rendered":"https:\/\/amtest.virtus3-projekti.com\/?post_type=product&#038;p=169"},"modified":"2023-09-06T12:45:55","modified_gmt":"2023-09-06T10:45:55","slug":"nordson-asymtek","status":"publish","type":"product","link":"https:\/\/amtest-group.com\/sr\/product\/nordson-asymtek\/","title":{"rendered":"Nordson Asymtek"},"content":{"rendered":"<p><b>Nordson<\/b><span style=\"font-weight: 400;\"> \u2013 kompanija koja se nalazi na berzi NASDAQ sa proizvodnim pogonima u SAD \u2013 globalni je lider u oblasti re\u0161enja za selective coating.<\/span><\/p>\n<p><b>Nordson<\/b> <span style=\"font-weight: 400;\">kompanija primenjuje najsavremeniju tehnologiju za izradu svojih ventila, od modela SC280, koji se odlikuje jedinstvenom precizno\u0161\u0107u i brzinom nano\u0161enja materijala, do ventila SC400 za nano\u0161enje materijala iglom i tehnologijom jetting za mikroelektroniku. Kontrola procesa pru\u017ea punu podr\u0161ku pri kori\u0161\u0107enju ove opreme, uklju\u010duju\u0107i i lasersku kontrolu \u0161irine lepeze, sisteme za cirkulaciju sa grejanjem i kontrolu i pra\u0107enje protoka.<\/span><\/p>\n","protected":false},"excerpt":{"rendered":"<p>Nordson \u2013 kompanija koja se nalazi na berzi NASDAQ sa proizvodnim pogonima u SAD \u2013 globalni je lider u oblasti re\u0161enja za selective coating. Nordson kompanija primenjuje najsavremeniju tehnologiju za izradu svojih ventila, od modela SC280, koji se odlikuje jedinstvenom precizno\u0161\u0107u i brzinom nano\u0161enja materijala, do ventila SC400 za nano\u0161enje materijala iglom i tehnologijom jetting [&hellip;]<\/p>\n","protected":false},"featured_media":0,"parent":0,"menu_order":0,"template":"template-product.php","meta":{"_uf_show_specific_survey":0,"_uf_disable_surveys":false},"categories":[85],"class_list":["post-169","product","type-product","status-publish","hentry","category-selective-coating-sr"],"aioseo_notices":[],"_links":{"self":[{"href":"https:\/\/amtest-group.com\/sr\/wp-json\/wp\/v2\/product\/169","targetHints":{"allow":["GET"]}}],"collection":[{"href":"https:\/\/amtest-group.com\/sr\/wp-json\/wp\/v2\/product"}],"about":[{"href":"https:\/\/amtest-group.com\/sr\/wp-json\/wp\/v2\/types\/product"}],"wp:attachment":[{"href":"https:\/\/amtest-group.com\/sr\/wp-json\/wp\/v2\/media?parent=169"}],"wp:term":[{"taxonomy":"category","embeddable":true,"href":"https:\/\/amtest-group.com\/sr\/wp-json\/wp\/v2\/categories?post=169"}],"curies":[{"name":"wp","href":"https:\/\/api.w.org\/{rel}","templated":true}]}}