{"id":12970,"date":"2023-04-19T12:17:49","date_gmt":"2023-04-19T10:17:49","guid":{"rendered":"https:\/\/amtest-group.com\/product\/universal-instruments\/"},"modified":"2024-10-15T09:53:02","modified_gmt":"2024-10-15T07:53:02","slug":"universal-instruments","status":"publish","type":"product","link":"https:\/\/amtest-group.com\/sr\/product\/universal-instruments\/","title":{"rendered":"Universal Instruments"},"content":{"rendered":"<p><strong>Universal Instruments<\/strong> nudi fleksibilnu opremu za monta\u017eu.<\/p>\n<p>Kompanija je jedinstveno pozicionirana da ponudi naj\u0161iri spektar potpuno integrisanih tehnologija, uz stru\u010dno znanje o procesima i mre\u017eu podr\u0161ke svetske klase, kako bi pru\u017eila savr\u0161eno re\u0161enje za specifi\u010dne zahteve.<\/p>\n","protected":false},"excerpt":{"rendered":"<p>Universal Instruments nudi fleksibilnu opremu za monta\u017eu. Kompanija je jedinstveno pozicionirana da ponudi naj\u0161iri spektar potpuno integrisanih tehnologija, uz stru\u010dno znanje o procesima i mre\u017eu podr\u0161ke svetske klase, kako bi pru\u017eila savr\u0161eno re\u0161enje za specifi\u010dne zahteve.<\/p>\n","protected":false},"featured_media":0,"parent":0,"menu_order":0,"template":"template-product.php","meta":{"_uf_show_specific_survey":0,"_uf_disable_surveys":false},"categories":[96],"class_list":["post-12970","product","type-product","status-publish","hentry","category-odd-from-sr"],"aioseo_notices":[],"_links":{"self":[{"href":"https:\/\/amtest-group.com\/sr\/wp-json\/wp\/v2\/product\/12970","targetHints":{"allow":["GET"]}}],"collection":[{"href":"https:\/\/amtest-group.com\/sr\/wp-json\/wp\/v2\/product"}],"about":[{"href":"https:\/\/amtest-group.com\/sr\/wp-json\/wp\/v2\/types\/product"}],"wp:attachment":[{"href":"https:\/\/amtest-group.com\/sr\/wp-json\/wp\/v2\/media?parent=12970"}],"wp:term":[{"taxonomy":"category","embeddable":true,"href":"https:\/\/amtest-group.com\/sr\/wp-json\/wp\/v2\/categories?post=12970"}],"curies":[{"name":"wp","href":"https:\/\/api.w.org\/{rel}","templated":true}]}}