{"id":12969,"date":"2023-04-19T12:34:50","date_gmt":"2023-04-19T10:34:50","guid":{"rendered":"https:\/\/amtest-group.com\/product\/cab\/"},"modified":"2024-10-15T09:51:07","modified_gmt":"2024-10-15T07:51:07","slug":"cab","status":"publish","type":"product","link":"https:\/\/amtest-group.com\/sr\/product\/cab\/","title":{"rendered":"CAB"},"content":{"rendered":"<p><strong>CAB<\/strong> pru\u017ea sveobuhvatan spektar re\u0161enja za rukovanje i obradu PCB-a.<\/p>\n<p>Ovo uklju\u010duje napredne depanelizatore PCB-a kao \u0161to je HEKTOR 2, koji pa\u017eljivo i brzo radi depanelizaciju PCB-a, kao i seriju MAESTRO (2, 2M, 3E, 4S, 5L i 6), koja nudi efikasnu i preciznu depanelizaciju za PCB sa prethodno urezanim \u017elebovima.<\/p>\n","protected":false},"excerpt":{"rendered":"<p>CAB pru\u017ea sveobuhvatan spektar re\u0161enja za rukovanje i obradu PCB-a. Ovo uklju\u010duje napredne depanelizatore PCB-a kao \u0161to je HEKTOR 2, koji pa\u017eljivo i brzo radi depanelizaciju PCB-a, kao i seriju MAESTRO (2, 2M, 3E, 4S, 5L i 6), koja nudi efikasnu i preciznu depanelizaciju za PCB sa prethodno urezanim \u017elebovima.<\/p>\n","protected":false},"featured_media":0,"parent":0,"menu_order":0,"template":"template-product.php","meta":{"_uf_show_specific_survey":0,"_uf_disable_surveys":false},"categories":[295],"class_list":["post-12969","product","type-product","status-publish","hentry","category-pcb-magazines-separators-sr"],"aioseo_notices":[],"_links":{"self":[{"href":"https:\/\/amtest-group.com\/sr\/wp-json\/wp\/v2\/product\/12969","targetHints":{"allow":["GET"]}}],"collection":[{"href":"https:\/\/amtest-group.com\/sr\/wp-json\/wp\/v2\/product"}],"about":[{"href":"https:\/\/amtest-group.com\/sr\/wp-json\/wp\/v2\/types\/product"}],"wp:attachment":[{"href":"https:\/\/amtest-group.com\/sr\/wp-json\/wp\/v2\/media?parent=12969"}],"wp:term":[{"taxonomy":"category","embeddable":true,"href":"https:\/\/amtest-group.com\/sr\/wp-json\/wp\/v2\/categories?post=12969"}],"curies":[{"name":"wp","href":"https:\/\/api.w.org\/{rel}","templated":true}]}}