{"id":12968,"date":"2023-04-19T12:29:42","date_gmt":"2023-04-19T10:29:42","guid":{"rendered":"https:\/\/amtest-group.com\/product\/r2r\/"},"modified":"2024-10-15T09:48:19","modified_gmt":"2024-10-15T07:48:19","slug":"r2r","status":"publish","type":"product","link":"https:\/\/amtest-group.com\/sr\/product\/r2r\/","title":{"rendered":"R2R"},"content":{"rendered":"<p><strong>R2R<\/strong> je jedan od lidera u potro\u0161nom materijalu za \u010di\u0161\u0107enje u industriji \u0161tampanja kalajne paste i nudi \u0161irok spektar proizvoda po veoma pristupa\u010dnim cenama.<\/p>\n<p><strong>R2R<\/strong> proizvodi i pretvara valjke za brisanje za SMT \u0161tampa\u010de vi\u0161e od 20 godina.<\/p>\n","protected":false},"excerpt":{"rendered":"<p>R2R je jedan od lidera u potro\u0161nom materijalu za \u010di\u0161\u0107enje u industriji \u0161tampanja kalajne paste i nudi \u0161irok spektar proizvoda po veoma pristupa\u010dnim cenama. R2R proizvodi i pretvara valjke za brisanje za SMT \u0161tampa\u010de vi\u0161e od 20 godina.<\/p>\n","protected":false},"featured_media":0,"parent":0,"menu_order":0,"template":"template-product.php","meta":{"_uf_show_specific_survey":0,"_uf_disable_surveys":false},"categories":[294],"class_list":["post-12968","product","type-product","status-publish","hentry","category-materials-consumables-sr"],"aioseo_notices":[],"_links":{"self":[{"href":"https:\/\/amtest-group.com\/sr\/wp-json\/wp\/v2\/product\/12968","targetHints":{"allow":["GET"]}}],"collection":[{"href":"https:\/\/amtest-group.com\/sr\/wp-json\/wp\/v2\/product"}],"about":[{"href":"https:\/\/amtest-group.com\/sr\/wp-json\/wp\/v2\/types\/product"}],"wp:attachment":[{"href":"https:\/\/amtest-group.com\/sr\/wp-json\/wp\/v2\/media?parent=12968"}],"wp:term":[{"taxonomy":"category","embeddable":true,"href":"https:\/\/amtest-group.com\/sr\/wp-json\/wp\/v2\/categories?post=12968"}],"curies":[{"name":"wp","href":"https:\/\/api.w.org\/{rel}","templated":true}]}}