{"id":12966,"date":"2023-12-26T12:31:25","date_gmt":"2023-12-26T11:31:25","guid":{"rendered":"https:\/\/amtest-group.com\/product\/fk-delvotec\/"},"modified":"2024-10-15T09:45:47","modified_gmt":"2024-10-15T07:45:47","slug":"fk-delvotec","status":"publish","type":"product","link":"https:\/\/amtest-group.com\/sr\/product\/fk-delvotec\/","title":{"rendered":"F&#038;K Delvotec"},"content":{"rendered":"<p><strong>F&amp;K DELVOTEC<\/strong> je globalno pozicionirani, srednjeveliki tehnolo\u0161ki lider za ultrazvu\u010dne i laserske sisteme za wire bonding.<\/p>\n<p>F&amp;K DELVOTEC fleksibilno odgovara na zahteve kupaca i realizuje prilago\u0111ena re\u0161enja za automatizaciju. Mikroelektronika, mehatronika i procesna automatizacija \u010dine osnovu njihove tehnologije. F&amp;K DELVOTEC je osnovan 1978. godine i sada je deo Strama-MPS Maschinenbau GmbH &amp; Co. KG, me\u0111unarodno poznatog proizvo\u0111a\u010da specijalnih ma\u0161ina.<\/p>\n","protected":false},"excerpt":{"rendered":"<p>F&amp;K DELVOTEC je globalno pozicionirani, srednjeveliki tehnolo\u0161ki lider za ultrazvu\u010dne i laserske sisteme za wire bonding. F&amp;K DELVOTEC fleksibilno odgovara na zahteve kupaca i realizuje prilago\u0111ena re\u0161enja za automatizaciju. Mikroelektronika, mehatronika i procesna automatizacija \u010dine osnovu njihove tehnologije. F&amp;K DELVOTEC je osnovan 1978. godine i sada je deo Strama-MPS Maschinenbau GmbH &amp; Co. KG, me\u0111unarodno [&hellip;]<\/p>\n","protected":false},"featured_media":0,"parent":0,"menu_order":0,"template":"template-product.php","meta":{"_uf_show_specific_survey":0,"_uf_disable_surveys":false},"categories":[297],"class_list":["post-12966","product","type-product","status-publish","hentry","category-wire-bonding-sr"],"aioseo_notices":[],"_links":{"self":[{"href":"https:\/\/amtest-group.com\/sr\/wp-json\/wp\/v2\/product\/12966","targetHints":{"allow":["GET"]}}],"collection":[{"href":"https:\/\/amtest-group.com\/sr\/wp-json\/wp\/v2\/product"}],"about":[{"href":"https:\/\/amtest-group.com\/sr\/wp-json\/wp\/v2\/types\/product"}],"wp:attachment":[{"href":"https:\/\/amtest-group.com\/sr\/wp-json\/wp\/v2\/media?parent=12966"}],"wp:term":[{"taxonomy":"category","embeddable":true,"href":"https:\/\/amtest-group.com\/sr\/wp-json\/wp\/v2\/categories?post=12966"}],"curies":[{"name":"wp","href":"https:\/\/api.w.org\/{rel}","templated":true}]}}