{"id":12964,"date":"2024-01-05T14:18:36","date_gmt":"2024-01-05T13:18:36","guid":{"rendered":"https:\/\/amtest-group.com\/product\/i-c-t-2\/"},"modified":"2024-10-15T09:39:34","modified_gmt":"2024-10-15T07:39:34","slug":"i-c-t-2","status":"publish","type":"product","link":"https:\/\/amtest-group.com\/sr\/product\/i-c-t-2\/","title":{"rendered":"I.C.T"},"content":{"rendered":"<p><strong>InterContinental Technology (I.C.T)<\/strong> se tokom protekle dve decenije istakao kao vode\u0107i globalni pru\u017ealac inteligentnih re\u0161enja za opremu.<\/p>\n<p>Sa sna\u017enim prisustvom od 25 godina u industriji tehnologije povr\u0161inskog montiranja (SMT), <strong>I.C.T<\/strong> je klju\u010dni igra\u010d u pru\u017eanju stru\u010dnih re\u0161enja za SMT fabrike.<\/p>\n","protected":false},"excerpt":{"rendered":"<p>InterContinental Technology (I.C.T) se tokom protekle dve decenije istakao kao vode\u0107i globalni pru\u017ealac inteligentnih re\u0161enja za opremu. Sa sna\u017enim prisustvom od 25 godina u industriji tehnologije povr\u0161inskog montiranja (SMT), I.C.T je klju\u010dni igra\u010d u pru\u017eanju stru\u010dnih re\u0161enja za SMT fabrike.<\/p>\n","protected":false},"featured_media":0,"parent":0,"menu_order":0,"template":"template-product.php","meta":{"_uf_show_specific_survey":0,"_uf_disable_surveys":false},"categories":[94],"class_list":["post-12964","product","type-product","status-publish","hentry","category-printing-sr"],"aioseo_notices":[],"_links":{"self":[{"href":"https:\/\/amtest-group.com\/sr\/wp-json\/wp\/v2\/product\/12964","targetHints":{"allow":["GET"]}}],"collection":[{"href":"https:\/\/amtest-group.com\/sr\/wp-json\/wp\/v2\/product"}],"about":[{"href":"https:\/\/amtest-group.com\/sr\/wp-json\/wp\/v2\/types\/product"}],"wp:attachment":[{"href":"https:\/\/amtest-group.com\/sr\/wp-json\/wp\/v2\/media?parent=12964"}],"wp:term":[{"taxonomy":"category","embeddable":true,"href":"https:\/\/amtest-group.com\/sr\/wp-json\/wp\/v2\/categories?post=12964"}],"curies":[{"name":"wp","href":"https:\/\/api.w.org\/{rel}","templated":true}]}}