{"id":12963,"date":"2024-01-05T15:53:24","date_gmt":"2024-01-05T14:53:24","guid":{"rendered":"https:\/\/amtest-group.com\/product\/universal-instruments-2\/"},"modified":"2024-10-15T09:01:55","modified_gmt":"2024-10-15T07:01:55","slug":"universal-instruments-2","status":"publish","type":"product","link":"https:\/\/amtest-group.com\/sr\/product\/universal-instruments-2\/","title":{"rendered":"Universal Instruments"},"content":{"rendered":"<p><strong>Universal Instruments<\/strong> nudi fleksibilnu opremu za monta\u017eu.<\/p>\n<p>Kompanija je jedinstveno pozicionirana da ponudi naj\u0161iri asortiman potpuno integrisanih tehnologija u industriji, uz stru\u010dno znanje o procesima i mre\u017eu podr\u0161ke svetske klase, kako bi pru\u017eila savr\u0161eno re\u0161enje za specifi\u010dne zahteve.<\/p>\n","protected":false},"excerpt":{"rendered":"<p>Universal Instruments nudi fleksibilnu opremu za monta\u017eu. Kompanija je jedinstveno pozicionirana da ponudi naj\u0161iri asortiman potpuno integrisanih tehnologija u industriji, uz stru\u010dno znanje o procesima i mre\u017eu podr\u0161ke svetske klase, kako bi pru\u017eila savr\u0161eno re\u0161enje za specifi\u010dne zahteve.<\/p>\n","protected":false},"featured_media":0,"parent":0,"menu_order":0,"template":"template-product.php","meta":{"_uf_show_specific_survey":0,"_uf_disable_surveys":false},"categories":[296],"class_list":["post-12963","product","type-product","status-publish","hentry","category-pick-place-sr"],"aioseo_notices":[],"_links":{"self":[{"href":"https:\/\/amtest-group.com\/sr\/wp-json\/wp\/v2\/product\/12963","targetHints":{"allow":["GET"]}}],"collection":[{"href":"https:\/\/amtest-group.com\/sr\/wp-json\/wp\/v2\/product"}],"about":[{"href":"https:\/\/amtest-group.com\/sr\/wp-json\/wp\/v2\/types\/product"}],"wp:attachment":[{"href":"https:\/\/amtest-group.com\/sr\/wp-json\/wp\/v2\/media?parent=12963"}],"wp:term":[{"taxonomy":"category","embeddable":true,"href":"https:\/\/amtest-group.com\/sr\/wp-json\/wp\/v2\/categories?post=12963"}],"curies":[{"name":"wp","href":"https:\/\/api.w.org\/{rel}","templated":true}]}}