{"id":12959,"date":"2024-09-16T13:30:47","date_gmt":"2024-09-16T11:30:47","guid":{"rendered":"https:\/\/amtest-group.com\/product\/exelsius-3\/"},"modified":"2024-10-15T08:55:00","modified_gmt":"2024-10-15T06:55:00","slug":"exelsius-3","status":"publish","type":"product","link":"https:\/\/amtest-group.com\/sr\/product\/exelsius-3\/","title":{"rendered":"Exelsius"},"content":{"rendered":"<p><strong>Exelsius<\/strong>, lider u naprednim tehnologijama su\u0161enja, nudi \u0161irok spektar visokoperformantnih pe\u0107i namenjenih industrijskim primenama.<\/p>\n<p>Sa fokusom na efikasnost, bezbednost i svestranost, serija UV-9 obuhvata UV LED i UV ARC pe\u0107i za su\u0161enje, dok je XCC IR pe\u0107 specijalizovana za infracrveno (IR) su\u0161enje. Ovi najsavremeniji sistemi prilago\u0111eni su brzorastu\u0107im potrebama procesa premazivanja i lepljenja, pru\u017eaju\u0107i prilagodljiva re\u0161enja za razli\u010dite industrije.<\/p>\n","protected":false},"excerpt":{"rendered":"<p>Exelsius, lider u naprednim tehnologijama su\u0161enja, nudi \u0161irok spektar visokoperformantnih pe\u0107i namenjenih industrijskim primenama. Sa fokusom na efikasnost, bezbednost i svestranost, serija UV-9 obuhvata UV LED i UV ARC pe\u0107i za su\u0161enje, dok je XCC IR pe\u0107 specijalizovana za infracrveno (IR) su\u0161enje. Ovi najsavremeniji sistemi prilago\u0111eni su brzorastu\u0107im potrebama procesa premazivanja i lepljenja, pru\u017eaju\u0107i prilagodljiva [&hellip;]<\/p>\n","protected":false},"featured_media":0,"parent":0,"menu_order":0,"template":"template-product.php","meta":{"_uf_show_specific_survey":0,"_uf_disable_surveys":false},"categories":[292],"class_list":["post-12959","product","type-product","status-publish","hentry","category-curing-ovens-sr"],"aioseo_notices":[],"_links":{"self":[{"href":"https:\/\/amtest-group.com\/sr\/wp-json\/wp\/v2\/product\/12959","targetHints":{"allow":["GET"]}}],"collection":[{"href":"https:\/\/amtest-group.com\/sr\/wp-json\/wp\/v2\/product"}],"about":[{"href":"https:\/\/amtest-group.com\/sr\/wp-json\/wp\/v2\/types\/product"}],"wp:attachment":[{"href":"https:\/\/amtest-group.com\/sr\/wp-json\/wp\/v2\/media?parent=12959"}],"wp:term":[{"taxonomy":"category","embeddable":true,"href":"https:\/\/amtest-group.com\/sr\/wp-json\/wp\/v2\/categories?post=12959"}],"curies":[{"name":"wp","href":"https:\/\/api.w.org\/{rel}","templated":true}]}}