{"id":12957,"date":"2024-01-05T14:07:14","date_gmt":"2024-01-05T13:07:14","guid":{"rendered":"https:\/\/amtest-group.com\/product\/i-c-t\/"},"modified":"2024-10-15T08:52:39","modified_gmt":"2024-10-15T06:52:39","slug":"i-c-t","status":"publish","type":"product","link":"https:\/\/amtest-group.com\/sr\/product\/i-c-t\/","title":{"rendered":"I.C.T"},"content":{"rendered":"<p><strong>InterContinental Technology (I.C.T)<\/strong> se tokom protekle dve decenije istakao kao vode\u0107i globalni pru\u017ealac inteligentnih re\u0161enja za opremu.<\/p>\n<p>Sa sna\u017enim prisustvom od 25 godina u industriji tehnologije povr\u0161inskog montiranja (SMT), <strong>I.C.T<\/strong> je klju\u010dni igra\u010d u pru\u017eanju stru\u010dnih re\u0161enja za SMT fabrike.<\/p>\n","protected":false},"excerpt":{"rendered":"<p>InterContinental Technology (I.C.T) se tokom protekle dve decenije istakao kao vode\u0107i globalni pru\u017ealac inteligentnih re\u0161enja za opremu. Sa sna\u017enim prisustvom od 25 godina u industriji tehnologije povr\u0161inskog montiranja (SMT), I.C.T je klju\u010dni igra\u010d u pru\u017eanju stru\u010dnih re\u0161enja za SMT fabrike.<\/p>\n","protected":false},"featured_media":0,"parent":0,"menu_order":0,"template":"template-product.php","meta":{"_uf_show_specific_survey":0,"_uf_disable_surveys":false},"categories":[95],"class_list":["post-12957","product","type-product","status-publish","hentry","category-convection-ovens-sr"],"aioseo_notices":[],"_links":{"self":[{"href":"https:\/\/amtest-group.com\/sr\/wp-json\/wp\/v2\/product\/12957","targetHints":{"allow":["GET"]}}],"collection":[{"href":"https:\/\/amtest-group.com\/sr\/wp-json\/wp\/v2\/product"}],"about":[{"href":"https:\/\/amtest-group.com\/sr\/wp-json\/wp\/v2\/types\/product"}],"wp:attachment":[{"href":"https:\/\/amtest-group.com\/sr\/wp-json\/wp\/v2\/media?parent=12957"}],"wp:term":[{"taxonomy":"category","embeddable":true,"href":"https:\/\/amtest-group.com\/sr\/wp-json\/wp\/v2\/categories?post=12957"}],"curies":[{"name":"wp","href":"https:\/\/api.w.org\/{rel}","templated":true}]}}