{"id":12956,"date":"2023-04-19T11:10:51","date_gmt":"2023-04-19T09:10:51","guid":{"rendered":"https:\/\/amtest-group.com\/product\/mstech-3\/"},"modified":"2024-10-15T08:38:58","modified_gmt":"2024-10-15T06:38:58","slug":"mstech-3","status":"publish","type":"product","link":"https:\/\/amtest-group.com\/sr\/product\/mstech-3\/","title":{"rendered":"MSTech"},"content":{"rendered":"<p><strong>MSTECH<\/strong>, osnovan 1996. godine, ima vi\u0161e od 20 godina iskustva u pru\u017eanju re\u0161enja za automatizaciju u elektronskoj industriji, specijalizuju\u0107i se za depanelizaciju.<\/p>\n<p>Tokom godina, kompanija se pozicionirala kao lider u razli\u010ditim sektorima kao \u0161to su potro\u0161a\u010dka elektronika, mobilni telefoni i automobilska industrija, prema\u0161uju\u0107i zahteve i najstro\u017eih standarda vode\u0107ih kompanija.<\/p>\n","protected":false},"excerpt":{"rendered":"<p>MSTECH, osnovan 1996. godine, ima vi\u0161e od 20 godina iskustva u pru\u017eanju re\u0161enja za automatizaciju u elektronskoj industriji, specijalizuju\u0107i se za depanelizaciju. Tokom godina, kompanija se pozicionirala kao lider u razli\u010ditim sektorima kao \u0161to su potro\u0161a\u010dka elektronika, mobilni telefoni i automobilska industrija, prema\u0161uju\u0107i zahteve i najstro\u017eih standarda vode\u0107ih kompanija.<\/p>\n","protected":false},"featured_media":0,"parent":0,"menu_order":0,"template":"template-product.php","meta":{"_uf_show_specific_survey":0,"_uf_disable_surveys":false},"categories":[87],"class_list":["post-12956","product","type-product","status-publish","hentry","category-coating-inspection-sr"],"aioseo_notices":[],"_links":{"self":[{"href":"https:\/\/amtest-group.com\/sr\/wp-json\/wp\/v2\/product\/12956","targetHints":{"allow":["GET"]}}],"collection":[{"href":"https:\/\/amtest-group.com\/sr\/wp-json\/wp\/v2\/product"}],"about":[{"href":"https:\/\/amtest-group.com\/sr\/wp-json\/wp\/v2\/types\/product"}],"wp:attachment":[{"href":"https:\/\/amtest-group.com\/sr\/wp-json\/wp\/v2\/media?parent=12956"}],"wp:term":[{"taxonomy":"category","embeddable":true,"href":"https:\/\/amtest-group.com\/sr\/wp-json\/wp\/v2\/categories?post=12956"}],"curies":[{"name":"wp","href":"https:\/\/api.w.org\/{rel}","templated":true}]}}