{"id":12954,"date":"2024-01-05T16:00:10","date_gmt":"2024-01-05T15:00:10","guid":{"rendered":"https:\/\/amtest-group.com\/product\/universal-instruments-3\/"},"modified":"2024-10-15T08:36:20","modified_gmt":"2024-10-15T06:36:20","slug":"universal-instruments-3","status":"publish","type":"product","link":"https:\/\/amtest-group.com\/sr\/product\/universal-instruments-3\/","title":{"rendered":"Universal Instruments"},"content":{"rendered":"<p><strong>Universal Instruments<\/strong> nudi fleksibilnu opremu za monta\u017eu.<\/p>\n<p>Kompanija je jedinstveno pozicionirana da ponudi naj\u0161iri spektar potpuno integrisanih tehnologija u industriji, isklju\u010divo stru\u010dno znanje o procesima i mre\u017eu podr\u0161ke svetske klase kako bi obezbedila savr\u0161eno re\u0161enje za specifi\u010dne zahteve.<\/p>\n","protected":false},"excerpt":{"rendered":"<p>Universal Instruments nudi fleksibilnu opremu za monta\u017eu. Kompanija je jedinstveno pozicionirana da ponudi naj\u0161iri spektar potpuno integrisanih tehnologija u industriji, isklju\u010divo stru\u010dno znanje o procesima i mre\u017eu podr\u0161ke svetske klase kako bi obezbedila savr\u0161eno re\u0161enje za specifi\u010dne zahteve.<\/p>\n","protected":false},"featured_media":0,"parent":0,"menu_order":0,"template":"template-product.php","meta":{"_uf_show_specific_survey":0,"_uf_disable_surveys":false},"categories":[291],"class_list":["post-12954","product","type-product","status-publish","hentry","category-advanced-packaging-sr"],"aioseo_notices":[],"_links":{"self":[{"href":"https:\/\/amtest-group.com\/sr\/wp-json\/wp\/v2\/product\/12954","targetHints":{"allow":["GET"]}}],"collection":[{"href":"https:\/\/amtest-group.com\/sr\/wp-json\/wp\/v2\/product"}],"about":[{"href":"https:\/\/amtest-group.com\/sr\/wp-json\/wp\/v2\/types\/product"}],"wp:attachment":[{"href":"https:\/\/amtest-group.com\/sr\/wp-json\/wp\/v2\/media?parent=12954"}],"wp:term":[{"taxonomy":"category","embeddable":true,"href":"https:\/\/amtest-group.com\/sr\/wp-json\/wp\/v2\/categories?post=12954"}],"curies":[{"name":"wp","href":"https:\/\/api.w.org\/{rel}","templated":true}]}}