{"id":343,"date":"2023-04-19T12:34:50","date_gmt":"2023-04-19T10:34:50","guid":{"rendered":"https:\/\/amtest.virtus3-projekti.com\/?post_type=product&#038;p=343"},"modified":"2024-10-11T15:51:03","modified_gmt":"2024-10-11T13:51:03","slug":"cab","status":"publish","type":"product","link":"https:\/\/amtest-group.com\/sk\/product\/cab\/","title":{"rendered":"CAB"},"content":{"rendered":"<p><strong>CAB<\/strong> pon\u00faka komplexn\u00e9 rie\u0161enia na manipul\u00e1ciu a spracovanie dosiek plo\u0161n\u00fdch spojov (DPS).<\/p>\n<p>Sem patr\u00ed aj pokro\u010dil\u00e9 oddelovanie DPS, ako napr\u00edklad HEKTOR 2, ktor\u00fd opatrne a r\u00fdchlo oddel\u00ed obr\u00e1ban\u00e9 PCB, a tie\u017e s\u00e9ria MAESTRO (2, 2M, 3E, 4S, 5L a 6), ktor\u00e1 zabezpe\u010duje efekt\u00edvne a presn\u00e9 oddelenie PCB s predrezan\u00fdmi dr\u00e1\u017ekami.<\/p>\n","protected":false},"excerpt":{"rendered":"<p>CAB pon\u00faka komplexn\u00e9 rie\u0161enia na manipul\u00e1ciu a spracovanie dosiek plo\u0161n\u00fdch spojov (DPS). Sem patr\u00ed aj pokro\u010dil\u00e9 oddelovanie DPS, ako napr\u00edklad HEKTOR 2, ktor\u00fd opatrne a r\u00fdchlo oddel\u00ed obr\u00e1ban\u00e9 PCB, a tie\u017e s\u00e9ria MAESTRO (2, 2M, 3E, 4S, 5L a 6), ktor\u00e1 zabezpe\u010duje efekt\u00edvne a presn\u00e9 oddelenie PCB s predrezan\u00fdmi dr\u00e1\u017ekami.<\/p>\n","protected":false},"featured_media":0,"parent":0,"menu_order":0,"template":"template-product.php","meta":{"_uf_show_specific_survey":0,"_uf_disable_surveys":false},"categories":[226],"class_list":["post-343","product","type-product","status-publish","hentry","category-magaziny-dps-sk"],"aioseo_notices":[],"_links":{"self":[{"href":"https:\/\/amtest-group.com\/sk\/wp-json\/wp\/v2\/product\/343","targetHints":{"allow":["GET"]}}],"collection":[{"href":"https:\/\/amtest-group.com\/sk\/wp-json\/wp\/v2\/product"}],"about":[{"href":"https:\/\/amtest-group.com\/sk\/wp-json\/wp\/v2\/types\/product"}],"wp:attachment":[{"href":"https:\/\/amtest-group.com\/sk\/wp-json\/wp\/v2\/media?parent=343"}],"wp:term":[{"taxonomy":"category","embeddable":true,"href":"https:\/\/amtest-group.com\/sk\/wp-json\/wp\/v2\/categories?post=343"}],"curies":[{"name":"wp","href":"https:\/\/api.w.org\/{rel}","templated":true}]}}