{"id":342,"date":"2023-04-19T12:34:03","date_gmt":"2023-04-19T10:34:03","guid":{"rendered":"https:\/\/amtest.virtus3-projekti.com\/?post_type=product&#038;p=342"},"modified":"2023-05-25T16:35:20","modified_gmt":"2023-05-25T14:35:20","slug":"mbtech","status":"publish","type":"product","link":"https:\/\/amtest-group.com\/sk\/product\/mbtech\/","title":{"rendered":"MBTech"},"content":{"rendered":"<p><span style=\"font-weight: 400;\">\u0160pecialista na um\u00fdvanie DPS, \u0161abl\u00f3n, missprintov, stierok zo sie\u0165otla\u010de, sp\u00e1jkovac\u00edch r\u00e1mov, filtrov z reflow pece a mnoho \u010fal\u0161ieho.<\/span><\/p>\n","protected":false},"excerpt":{"rendered":"<p>\u0160pecialista na um\u00fdvanie DPS, \u0161abl\u00f3n, missprintov, stierok zo sie\u0165otla\u010de, sp\u00e1jkovac\u00edch r\u00e1mov, filtrov z reflow pece a mnoho \u010fal\u0161ieho.<\/p>\n","protected":false},"featured_media":0,"parent":0,"menu_order":0,"template":"template-product.php","meta":{"_uf_show_specific_survey":0,"_uf_disable_surveys":false},"categories":[225],"class_list":["post-342","product","type-product","status-publish","hentry","category-umyvanie-dps-a-sablon"],"aioseo_notices":[],"_links":{"self":[{"href":"https:\/\/amtest-group.com\/sk\/wp-json\/wp\/v2\/product\/342","targetHints":{"allow":["GET"]}}],"collection":[{"href":"https:\/\/amtest-group.com\/sk\/wp-json\/wp\/v2\/product"}],"about":[{"href":"https:\/\/amtest-group.com\/sk\/wp-json\/wp\/v2\/types\/product"}],"wp:attachment":[{"href":"https:\/\/amtest-group.com\/sk\/wp-json\/wp\/v2\/media?parent=342"}],"wp:term":[{"taxonomy":"category","embeddable":true,"href":"https:\/\/amtest-group.com\/sk\/wp-json\/wp\/v2\/categories?post=342"}],"curies":[{"name":"wp","href":"https:\/\/api.w.org\/{rel}","templated":true}]}}