{"id":341,"date":"2023-04-19T12:27:21","date_gmt":"2023-04-19T10:27:21","guid":{"rendered":"https:\/\/amtest.virtus3-projekti.com\/?post_type=product&#038;p=341"},"modified":"2023-05-25T16:36:18","modified_gmt":"2023-05-25T14:36:18","slug":"microcare","status":"publish","type":"product","link":"https:\/\/amtest-group.com\/sk\/product\/microcare\/","title":{"rendered":"MicroCare"},"content":{"rendered":"<p><b>MicroCare<\/b><span style=\"font-weight: 400;\"> je \u0161pi\u010dkou v oblasti r\u00fdchleho, \u00fa\u010dinn\u00e9ho, bezpe\u010dn\u00e9ho a n\u00e1kladovo efekt\u00edvneho \u010distenia dosiek plo\u0161n\u00fdch spojov po\u010das v\u00fdrobn\u00e9ho procesu a procesu opr\u00e1v na mont\u00e1\u017enej linke SMT. <\/span><\/p>\n","protected":false},"excerpt":{"rendered":"<p>MicroCare je \u0161pi\u010dkou v oblasti r\u00fdchleho, \u00fa\u010dinn\u00e9ho, bezpe\u010dn\u00e9ho a n\u00e1kladovo efekt\u00edvneho \u010distenia dosiek plo\u0161n\u00fdch spojov po\u010das v\u00fdrobn\u00e9ho procesu a procesu opr\u00e1v na mont\u00e1\u017enej linke SMT.<\/p>\n","protected":false},"featured_media":0,"parent":0,"menu_order":0,"template":"template-product.php","meta":{"_uf_show_specific_survey":0,"_uf_disable_surveys":false},"categories":[224],"class_list":["post-341","product","type-product","status-publish","hentry","category-spotrebne-materialy"],"aioseo_notices":[],"_links":{"self":[{"href":"https:\/\/amtest-group.com\/sk\/wp-json\/wp\/v2\/product\/341","targetHints":{"allow":["GET"]}}],"collection":[{"href":"https:\/\/amtest-group.com\/sk\/wp-json\/wp\/v2\/product"}],"about":[{"href":"https:\/\/amtest-group.com\/sk\/wp-json\/wp\/v2\/types\/product"}],"wp:attachment":[{"href":"https:\/\/amtest-group.com\/sk\/wp-json\/wp\/v2\/media?parent=341"}],"wp:term":[{"taxonomy":"category","embeddable":true,"href":"https:\/\/amtest-group.com\/sk\/wp-json\/wp\/v2\/categories?post=341"}],"curies":[{"name":"wp","href":"https:\/\/api.w.org\/{rel}","templated":true}]}}