{"id":340,"date":"2023-04-19T12:29:42","date_gmt":"2023-04-19T10:29:42","guid":{"rendered":"https:\/\/amtest.virtus3-projekti.com\/?post_type=product&#038;p=340"},"modified":"2023-05-25T16:20:39","modified_gmt":"2023-05-25T14:20:39","slug":"r2r","status":"publish","type":"product","link":"https:\/\/amtest-group.com\/sk\/product\/r2r\/","title":{"rendered":"R2R"},"content":{"rendered":"<p><b>R2R<\/b><span style=\"font-weight: 400;\"> je jedn\u00fdm z l\u00eddrov v oblasti \u010distiacich spotrebn\u00fdch materi\u00e1lov pre sie\u0165otla\u010dov\u00fd priemysel a pon\u00faka \u0161irok\u00fd v\u00fdber r\u00f4znych produktov za ve\u013emi prijate\u013en\u00e9 ceny.<\/span><\/p>\n<p><b>R2R<\/b><span style=\"font-weight: 400;\"> vyr\u00e1ba a upravuje \u010distiace rolky pre SMT sie\u0165otla\u010de u\u017e viac ako 20 rokov.<\/span><\/p>\n","protected":false},"excerpt":{"rendered":"<p>R2R je jedn\u00fdm z l\u00eddrov v oblasti \u010distiacich spotrebn\u00fdch materi\u00e1lov pre sie\u0165otla\u010dov\u00fd priemysel a pon\u00faka \u0161irok\u00fd v\u00fdber r\u00f4znych produktov za ve\u013emi prijate\u013en\u00e9 ceny. R2R vyr\u00e1ba a upravuje \u010distiace rolky pre SMT sie\u0165otla\u010de u\u017e viac ako 20 rokov.<\/p>\n","protected":false},"featured_media":0,"parent":0,"menu_order":0,"template":"template-product.php","meta":{"_uf_show_specific_survey":0,"_uf_disable_surveys":false},"categories":[224],"class_list":["post-340","product","type-product","status-publish","hentry","category-spotrebne-materialy"],"aioseo_notices":[],"_links":{"self":[{"href":"https:\/\/amtest-group.com\/sk\/wp-json\/wp\/v2\/product\/340","targetHints":{"allow":["GET"]}}],"collection":[{"href":"https:\/\/amtest-group.com\/sk\/wp-json\/wp\/v2\/product"}],"about":[{"href":"https:\/\/amtest-group.com\/sk\/wp-json\/wp\/v2\/types\/product"}],"wp:attachment":[{"href":"https:\/\/amtest-group.com\/sk\/wp-json\/wp\/v2\/media?parent=340"}],"wp:term":[{"taxonomy":"category","embeddable":true,"href":"https:\/\/amtest-group.com\/sk\/wp-json\/wp\/v2\/categories?post=340"}],"curies":[{"name":"wp","href":"https:\/\/api.w.org\/{rel}","templated":true}]}}