{"id":339,"date":"2023-04-19T12:28:07","date_gmt":"2023-04-19T10:28:07","guid":{"rendered":"https:\/\/amtest.virtus3-projekti.com\/?post_type=product&#038;p=339"},"modified":"2023-05-25T16:18:39","modified_gmt":"2023-05-25T14:18:39","slug":"qualitek","status":"publish","type":"product","link":"https:\/\/amtest-group.com\/sk\/product\/qualitek\/","title":{"rendered":"Qualitek"},"content":{"rendered":"<p><b>Qualitek<\/b><span style=\"font-weight: 400;\"> m\u00e1 viac ako 40 rokov sk\u00fasenost\u00ed vo v\u00fdrobe sp\u00e1jkovac\u00edch materi\u00e1lov v celosvetovom meradle.<\/span><\/p>\n<p><span style=\"font-weight: 400;\">Spolo\u010dnos\u0165 <\/span><b>Qualitek<\/b><span style=\"font-weight: 400;\">, zalo\u017een\u00e1 v roku 1980, pokr\u00fdva produkty zna\u010diek Delta\u00ae a Qualitek\u00ae, ktor\u00e9 s\u00fa zn\u00e1me svojou vysokou kvalitou a vynikaj\u00facim v\u00fdkonom.<\/span><\/p>\n","protected":false},"excerpt":{"rendered":"<p>Qualitek m\u00e1 viac ako 40 rokov sk\u00fasenost\u00ed vo v\u00fdrobe sp\u00e1jkovac\u00edch materi\u00e1lov v celosvetovom meradle. Spolo\u010dnos\u0165 Qualitek, zalo\u017een\u00e1 v roku 1980, pokr\u00fdva produkty zna\u010diek Delta\u00ae a Qualitek\u00ae, ktor\u00e9 s\u00fa zn\u00e1me svojou vysokou kvalitou a vynikaj\u00facim v\u00fdkonom.<\/p>\n","protected":false},"featured_media":0,"parent":0,"menu_order":0,"template":"template-product.php","meta":{"_uf_show_specific_survey":0,"_uf_disable_surveys":false},"categories":[224],"class_list":["post-339","product","type-product","status-publish","hentry","category-spotrebne-materialy"],"aioseo_notices":[],"_links":{"self":[{"href":"https:\/\/amtest-group.com\/sk\/wp-json\/wp\/v2\/product\/339","targetHints":{"allow":["GET"]}}],"collection":[{"href":"https:\/\/amtest-group.com\/sk\/wp-json\/wp\/v2\/product"}],"about":[{"href":"https:\/\/amtest-group.com\/sk\/wp-json\/wp\/v2\/types\/product"}],"wp:attachment":[{"href":"https:\/\/amtest-group.com\/sk\/wp-json\/wp\/v2\/media?parent=339"}],"wp:term":[{"taxonomy":"category","embeddable":true,"href":"https:\/\/amtest-group.com\/sk\/wp-json\/wp\/v2\/categories?post=339"}],"curies":[{"name":"wp","href":"https:\/\/api.w.org\/{rel}","templated":true}]}}