{"id":338,"date":"2023-04-19T12:27:29","date_gmt":"2023-04-19T10:27:29","guid":{"rendered":"https:\/\/amtest.virtus3-projekti.com\/?post_type=product&#038;p=338"},"modified":"2023-05-25T12:55:21","modified_gmt":"2023-05-25T10:55:21","slug":"bluiris-fai","status":"publish","type":"product","link":"https:\/\/amtest-group.com\/sk\/product\/bluiris-fai\/","title":{"rendered":"Bluiris (FAI)"},"content":{"rendered":"<p><span style=\"font-weight: 400;\">Shenzhen <\/span><b>Bluiris technology Co<\/b>., Ltd<b>.<\/b><span style=\"font-weight: 400;\"> je popredn\u00fdm v\u00fdrobcom syst\u00e9mov kontroly prv\u00fdch vyroben\u00fdch kusov &#8211; syst\u00e9m pre optick\u00fa in\u0161pekciu a automatizovan\u00e9 testovacie zariadenie.<\/span><\/p>\n","protected":false},"excerpt":{"rendered":"<p>Shenzhen Bluiris technology Co., Ltd. je popredn\u00fdm v\u00fdrobcom syst\u00e9mov kontroly prv\u00fdch vyroben\u00fdch kusov &#8211; syst\u00e9m pre optick\u00fa in\u0161pekciu a automatizovan\u00e9 testovacie zariadenie.<\/p>\n","protected":false},"featured_media":0,"parent":0,"menu_order":0,"template":"template-product.php","meta":{"_uf_show_specific_survey":0,"_uf_disable_surveys":false},"categories":[223],"class_list":["post-338","product","type-product","status-publish","hentry","category-test-systemy"],"aioseo_notices":[],"_links":{"self":[{"href":"https:\/\/amtest-group.com\/sk\/wp-json\/wp\/v2\/product\/338","targetHints":{"allow":["GET"]}}],"collection":[{"href":"https:\/\/amtest-group.com\/sk\/wp-json\/wp\/v2\/product"}],"about":[{"href":"https:\/\/amtest-group.com\/sk\/wp-json\/wp\/v2\/types\/product"}],"wp:attachment":[{"href":"https:\/\/amtest-group.com\/sk\/wp-json\/wp\/v2\/media?parent=338"}],"wp:term":[{"taxonomy":"category","embeddable":true,"href":"https:\/\/amtest-group.com\/sk\/wp-json\/wp\/v2\/categories?post=338"}],"curies":[{"name":"wp","href":"https:\/\/api.w.org\/{rel}","templated":true}]}}