{"id":337,"date":"2023-04-19T12:29:27","date_gmt":"2023-04-19T10:29:27","guid":{"rendered":"https:\/\/amtest.virtus3-projekti.com\/?post_type=product&#038;p=337"},"modified":"2023-05-25T14:38:37","modified_gmt":"2023-05-25T12:38:37","slug":"gen3","status":"publish","type":"product","link":"https:\/\/amtest-group.com\/sk\/product\/gen3\/","title":{"rendered":"Gen3"},"content":{"rendered":"<p><span style=\"font-weight: 400;\"><strong>Gen3 Systems<\/strong> poskytuje testovacie a meracie rie\u0161enia v elektronickom priemysle u\u017e viac ako 40 rokov. <\/span><\/p>\n<p><span style=\"font-weight: 400;\">Vyv\u00edja, navrhuje a vyr\u00e1ba testovacie zariadenia na ochranu va\u0161ich obvodov pred zlyhan\u00edm v ter\u00e9ne.<\/span><\/p>\n","protected":false},"excerpt":{"rendered":"<p>Gen3 Systems poskytuje testovacie a meracie rie\u0161enia v elektronickom priemysle u\u017e viac ako 40 rokov. Vyv\u00edja, navrhuje a vyr\u00e1ba testovacie zariadenia na ochranu va\u0161ich obvodov pred zlyhan\u00edm v ter\u00e9ne.<\/p>\n","protected":false},"featured_media":0,"parent":0,"menu_order":0,"template":"template-product.php","meta":{"_uf_show_specific_survey":0,"_uf_disable_surveys":false},"categories":[223],"class_list":["post-337","product","type-product","status-publish","hentry","category-test-systemy"],"aioseo_notices":[],"_links":{"self":[{"href":"https:\/\/amtest-group.com\/sk\/wp-json\/wp\/v2\/product\/337","targetHints":{"allow":["GET"]}}],"collection":[{"href":"https:\/\/amtest-group.com\/sk\/wp-json\/wp\/v2\/product"}],"about":[{"href":"https:\/\/amtest-group.com\/sk\/wp-json\/wp\/v2\/types\/product"}],"wp:attachment":[{"href":"https:\/\/amtest-group.com\/sk\/wp-json\/wp\/v2\/media?parent=337"}],"wp:term":[{"taxonomy":"category","embeddable":true,"href":"https:\/\/amtest-group.com\/sk\/wp-json\/wp\/v2\/categories?post=337"}],"curies":[{"name":"wp","href":"https:\/\/api.w.org\/{rel}","templated":true}]}}