{"id":334,"date":"2023-04-19T12:22:54","date_gmt":"2023-04-19T10:22:54","guid":{"rendered":"https:\/\/amtest.virtus3-projekti.com\/?post_type=product&#038;p=334"},"modified":"2023-05-25T14:04:21","modified_gmt":"2023-05-25T12:04:21","slug":"elite-automatic","status":"publish","type":"product","link":"https:\/\/amtest-group.com\/sk\/product\/elite-automatic\/","title":{"rendered":"Elite Automatic"},"content":{"rendered":"<p><span style=\"font-weight: 400;\">Taiwansk\u00e1 spolo\u010dnos\u0165 <\/span><b>Elite Automatic Co., Ltd<\/b><span style=\"font-weight: 400;\">, ktor\u00e1 sa venuje v\u00fdvoju a zdokona\u013eovaniu na\u0161ich produktov pre na\u0161ich klientov, bola zalo\u017een\u00e1 v roku 1989, odvtedy si za posledn\u00fdch 30 rokov vybudovala dobr\u00fa poves\u0165 v odbore SMT.<\/span><\/p>\n<p><b>Elite Automation<\/b><span style=\"font-weight: 400;\"> je najlep\u0161\u00edm rie\u0161en\u00edm na delenie dosiek plo\u0161n\u00fdch spojov v\u010faka jednostrann\u00fdm alebo obojstrann\u00fdm off-line rie\u0161eniam alebo ich inovat\u00edvnymi in-line syst\u00e9mami.<\/span><\/p>\n","protected":false},"excerpt":{"rendered":"<p>Taiwansk\u00e1 spolo\u010dnos\u0165 Elite Automatic Co., Ltd, ktor\u00e1 sa venuje v\u00fdvoju a zdokona\u013eovaniu na\u0161ich produktov pre na\u0161ich klientov, bola zalo\u017een\u00e1 v roku 1989, odvtedy si za posledn\u00fdch 30 rokov vybudovala dobr\u00fa poves\u0165 v odbore SMT. Elite Automation je najlep\u0161\u00edm rie\u0161en\u00edm na delenie dosiek plo\u0161n\u00fdch spojov v\u010faka jednostrann\u00fdm alebo obojstrann\u00fdm off-line rie\u0161eniam alebo ich inovat\u00edvnymi in-line syst\u00e9mami.<\/p>\n","protected":false},"featured_media":0,"parent":0,"menu_order":0,"template":"template-product.php","meta":{"_uf_show_specific_survey":0,"_uf_disable_surveys":false},"categories":[221],"class_list":["post-334","product","type-product","status-publish","hentry","category-depaneling-delenie-dps"],"aioseo_notices":[],"_links":{"self":[{"href":"https:\/\/amtest-group.com\/sk\/wp-json\/wp\/v2\/product\/334","targetHints":{"allow":["GET"]}}],"collection":[{"href":"https:\/\/amtest-group.com\/sk\/wp-json\/wp\/v2\/product"}],"about":[{"href":"https:\/\/amtest-group.com\/sk\/wp-json\/wp\/v2\/types\/product"}],"wp:attachment":[{"href":"https:\/\/amtest-group.com\/sk\/wp-json\/wp\/v2\/media?parent=334"}],"wp:term":[{"taxonomy":"category","embeddable":true,"href":"https:\/\/amtest-group.com\/sk\/wp-json\/wp\/v2\/categories?post=334"}],"curies":[{"name":"wp","href":"https:\/\/api.w.org\/{rel}","templated":true}]}}