{"id":332,"date":"2023-04-19T12:20:36","date_gmt":"2023-04-19T10:20:36","guid":{"rendered":"https:\/\/amtest.virtus3-projekti.com\/?post_type=product&#038;p=332"},"modified":"2023-05-25T13:50:37","modified_gmt":"2023-05-25T11:50:37","slug":"e-flex-smt-microsystems","status":"publish","type":"product","link":"https:\/\/amtest-group.com\/sk\/product\/e-flex-smt-microsystems\/","title":{"rendered":"e-Flex SMT Microsystems"},"content":{"rendered":"<p><span style=\"font-weight: 400;\">Spolo\u010dnos\u0165 s\u00eddliaca v Hong Kongu pon\u00faka \u0161irok\u00e9 spektrum \u0161tandardn\u00fdch aj z\u00e1kazn\u00edckych rie\u0161en\u00ed pre manipul\u00e1ciu s doskami plo\u0161n\u00fdch spojov. <\/span><\/p>\n<p><span style=\"font-weight: 400;\">Poskytuje rie\u0161enie pre ka\u017ed\u00fa potrebu za ve\u013emi rozumn\u00fa cenu.\u00a0<\/span><\/p>\n","protected":false},"excerpt":{"rendered":"<p>Spolo\u010dnos\u0165 s\u00eddliaca v Hong Kongu pon\u00faka \u0161irok\u00e9 spektrum \u0161tandardn\u00fdch aj z\u00e1kazn\u00edckych rie\u0161en\u00ed pre manipul\u00e1ciu s doskami plo\u0161n\u00fdch spojov. Poskytuje rie\u0161enie pre ka\u017ed\u00fa potrebu za ve\u013emi rozumn\u00fa cenu.\u00a0<\/p>\n","protected":false},"featured_media":0,"parent":0,"menu_order":0,"template":"template-product.php","meta":{"_uf_show_specific_survey":0,"_uf_disable_surveys":false},"categories":[219],"class_list":["post-332","product","type-product","status-publish","hentry","category-maniplacia-s-dps"],"aioseo_notices":[],"_links":{"self":[{"href":"https:\/\/amtest-group.com\/sk\/wp-json\/wp\/v2\/product\/332","targetHints":{"allow":["GET"]}}],"collection":[{"href":"https:\/\/amtest-group.com\/sk\/wp-json\/wp\/v2\/product"}],"about":[{"href":"https:\/\/amtest-group.com\/sk\/wp-json\/wp\/v2\/types\/product"}],"wp:attachment":[{"href":"https:\/\/amtest-group.com\/sk\/wp-json\/wp\/v2\/media?parent=332"}],"wp:term":[{"taxonomy":"category","embeddable":true,"href":"https:\/\/amtest-group.com\/sk\/wp-json\/wp\/v2\/categories?post=332"}],"curies":[{"name":"wp","href":"https:\/\/api.w.org\/{rel}","templated":true}]}}