{"id":331,"date":"2023-04-19T12:19:49","date_gmt":"2023-04-19T10:19:49","guid":{"rendered":"https:\/\/amtest.virtus3-projekti.com\/?post_type=product&#038;p=331"},"modified":"2024-09-18T13:18:56","modified_gmt":"2024-09-18T11:18:56","slug":"asscon","status":"publish","type":"product","link":"https:\/\/amtest-group.com\/sk\/product\/asscon\/","title":{"rendered":"Asscon"},"content":{"rendered":"<p><span style=\"font-weight: 400;\">Nemeck\u00e1 spolo\u010dnos\u0165 <\/span><b>ASSCON <\/b><span style=\"font-weight: 400;\">je l\u00edder na trhu v oblasti sp\u00e1jkovania v par\u00e1ch s viac ako 25-ro\u010dn\u00fdmi sk\u00fasenos\u0165ami.<\/span><\/p>\n<p><span style=\"font-weight: 400;\">Met\u00f3da sp\u00e1jkovania v par\u00e1ch vyu\u017e\u00edva na proces zahrievania tepeln\u00fa energiu, ktor\u00e1 je vytv\u00e1ran\u00e1 zmenou skupenstva teplonosn\u00e9ho m\u00e9dia z plynn\u00e9ho na kvapaln\u00e9.<\/span><\/p>\n","protected":false},"excerpt":{"rendered":"<p>Nemeck\u00e1 spolo\u010dnos\u0165 ASSCON je l\u00edder na trhu v oblasti sp\u00e1jkovania v par\u00e1ch s viac ako 25-ro\u010dn\u00fdmi sk\u00fasenos\u0165ami. Met\u00f3da sp\u00e1jkovania v par\u00e1ch vyu\u017e\u00edva na proces zahrievania tepeln\u00fa energiu, ktor\u00e1 je vytv\u00e1ran\u00e1 zmenou skupenstva teplonosn\u00e9ho m\u00e9dia z plynn\u00e9ho na kvapaln\u00e9.<\/p>\n","protected":false},"featured_media":0,"parent":0,"menu_order":0,"template":"template-product.php","meta":{"_uf_show_specific_survey":0,"_uf_disable_surveys":false},"categories":[218],"class_list":["post-331","product","type-product","status-publish","hentry","category-spajkovanie-v-parach"],"aioseo_notices":[],"_links":{"self":[{"href":"https:\/\/amtest-group.com\/sk\/wp-json\/wp\/v2\/product\/331","targetHints":{"allow":["GET"]}}],"collection":[{"href":"https:\/\/amtest-group.com\/sk\/wp-json\/wp\/v2\/product"}],"about":[{"href":"https:\/\/amtest-group.com\/sk\/wp-json\/wp\/v2\/types\/product"}],"wp:attachment":[{"href":"https:\/\/amtest-group.com\/sk\/wp-json\/wp\/v2\/media?parent=331"}],"wp:term":[{"taxonomy":"category","embeddable":true,"href":"https:\/\/amtest-group.com\/sk\/wp-json\/wp\/v2\/categories?post=331"}],"curies":[{"name":"wp","href":"https:\/\/api.w.org\/{rel}","templated":true}]}}