{"id":328,"date":"2023-04-19T12:17:10","date_gmt":"2023-04-19T10:17:10","guid":{"rendered":"https:\/\/amtest.virtus3-projekti.com\/?post_type=product&#038;p=328"},"modified":"2023-05-25T14:49:45","modified_gmt":"2023-05-25T12:49:45","slug":"heller-industries","status":"publish","type":"product","link":"https:\/\/amtest-group.com\/sk\/product\/heller-industries\/","title":{"rendered":"Heller Industries"},"content":{"rendered":"<p><b>Heller Industries<\/b><span style=\"font-weight: 400;\"> &#8211; celosvetov\u00fd l\u00edder na trhu v oblasti pretavovac\u00edch a vytvrdzovac\u00edch pec\u00ed pre SMT a\u00a0polovodi\u010dov\u00fa v\u00fdrobu. T\u00e1to s\u00fakromn\u00e1 spolo\u010dnos\u0165 bola zalo\u017een\u00e1 v roku 1960 v USA.<\/span><\/p>\n<p><b>Heller<\/b><span style=\"font-weight: 400;\"> pretavovacie pece disponuj\u00fa najkrat\u0161\u00edmi v\u00fdhrevn\u00fdmi z\u00f3nami v\u00a0danom segmente priemyslu, ktor\u00e9 poskytuj\u00fa najlep\u0161iu flexibilitu, stabilitu a kontrolu sp\u00e1jkovac\u00edch profilov. <\/span><\/p>\n","protected":false},"excerpt":{"rendered":"<p>Heller Industries &#8211; celosvetov\u00fd l\u00edder na trhu v oblasti pretavovac\u00edch a vytvrdzovac\u00edch pec\u00ed pre SMT a\u00a0polovodi\u010dov\u00fa v\u00fdrobu. T\u00e1to s\u00fakromn\u00e1 spolo\u010dnos\u0165 bola zalo\u017een\u00e1 v roku 1960 v USA. Heller pretavovacie pece disponuj\u00fa najkrat\u0161\u00edmi v\u00fdhrevn\u00fdmi z\u00f3nami v\u00a0danom segmente priemyslu, ktor\u00e9 poskytuj\u00fa najlep\u0161iu flexibilitu, stabilitu a kontrolu sp\u00e1jkovac\u00edch profilov.<\/p>\n","protected":false},"featured_media":0,"parent":0,"menu_order":0,"template":"template-product.php","meta":{"_uf_show_specific_survey":0,"_uf_disable_surveys":false},"categories":[216],"class_list":["post-328","product","type-product","status-publish","hentry","category-pretavovacie-pece"],"aioseo_notices":[],"_links":{"self":[{"href":"https:\/\/amtest-group.com\/sk\/wp-json\/wp\/v2\/product\/328","targetHints":{"allow":["GET"]}}],"collection":[{"href":"https:\/\/amtest-group.com\/sk\/wp-json\/wp\/v2\/product"}],"about":[{"href":"https:\/\/amtest-group.com\/sk\/wp-json\/wp\/v2\/types\/product"}],"wp:attachment":[{"href":"https:\/\/amtest-group.com\/sk\/wp-json\/wp\/v2\/media?parent=328"}],"wp:term":[{"taxonomy":"category","embeddable":true,"href":"https:\/\/amtest-group.com\/sk\/wp-json\/wp\/v2\/categories?post=328"}],"curies":[{"name":"wp","href":"https:\/\/api.w.org\/{rel}","templated":true}]}}