{"id":327,"date":"2023-04-19T12:15:08","date_gmt":"2023-04-19T10:15:08","guid":{"rendered":"https:\/\/amtest.virtus3-projekti.com\/?post_type=product&#038;p=327"},"modified":"2023-05-25T14:19:53","modified_gmt":"2023-05-25T12:19:53","slug":"ese","status":"publish","type":"product","link":"https:\/\/amtest-group.com\/sk\/product\/ese\/","title":{"rendered":"ESE"},"content":{"rendered":"<p><b>ESE co.<\/b><span style=\"font-weight: 400;\">, je juhok\u00f3rejsk\u00e1 spolo\u010dnos\u0165 vyv\u00edjaj\u00faca a vyr\u00e1baj\u00faca zariadenia sie\u0165otla\u010de pre technol\u00f3giu povrchovej mont\u00e1\u017ee (SMT) a\u00a0polovodi\u010dov\u00fa v\u00fdrobu.<\/span><\/p>\n","protected":false},"excerpt":{"rendered":"<p>ESE co., je juhok\u00f3rejsk\u00e1 spolo\u010dnos\u0165 vyv\u00edjaj\u00faca a vyr\u00e1baj\u00faca zariadenia sie\u0165otla\u010de pre technol\u00f3giu povrchovej mont\u00e1\u017ee (SMT) a\u00a0polovodi\u010dov\u00fa v\u00fdrobu.<\/p>\n","protected":false},"featured_media":0,"parent":0,"menu_order":0,"template":"template-product.php","meta":{"_uf_show_specific_survey":0,"_uf_disable_surveys":false},"categories":[215],"class_list":["post-327","product","type-product","status-publish","hentry","category-sietotlac"],"aioseo_notices":[],"_links":{"self":[{"href":"https:\/\/amtest-group.com\/sk\/wp-json\/wp\/v2\/product\/327","targetHints":{"allow":["GET"]}}],"collection":[{"href":"https:\/\/amtest-group.com\/sk\/wp-json\/wp\/v2\/product"}],"about":[{"href":"https:\/\/amtest-group.com\/sk\/wp-json\/wp\/v2\/types\/product"}],"wp:attachment":[{"href":"https:\/\/amtest-group.com\/sk\/wp-json\/wp\/v2\/media?parent=327"}],"wp:term":[{"taxonomy":"category","embeddable":true,"href":"https:\/\/amtest-group.com\/sk\/wp-json\/wp\/v2\/categories?post=327"}],"curies":[{"name":"wp","href":"https:\/\/api.w.org\/{rel}","templated":true}]}}