{"id":324,"date":"2023-04-19T12:08:24","date_gmt":"2023-04-19T10:08:24","guid":{"rendered":"https:\/\/amtest.virtus3-projekti.com\/?post_type=product&#038;p=324"},"modified":"2023-09-06T12:54:59","modified_gmt":"2023-09-06T10:54:59","slug":"hanwha-techwin","status":"publish","type":"product","link":"https:\/\/amtest-group.com\/sk\/product\/hanwha-techwin\/","title":{"rendered":"Hanwha Techwin"},"content":{"rendered":"<p><span style=\"font-weight: 400;\">Osadzovacie automaty <\/span><b>Hanwha<\/b><span style=\"font-weight: 400;\"> \u2013 v\u00fdrobca predt\u00fdm zn\u00e1my ako Samsung Techwin m\u00e1 komplexn\u00e9 portf\u00f3lio rie\u0161en\u00ed pokr\u00fdvaj\u00face od ve\u013ek\u00e9ho mixu, mal\u00fdch s\u00e9ri\u00ed typu v\u00fdroby a\u017e po ve\u013ekoobjemov\u00e9 v\u00fdrobn\u00e9 aplik\u00e1cie.<\/span><\/p>\n","protected":false},"excerpt":{"rendered":"<p>Osadzovacie automaty Hanwha \u2013 v\u00fdrobca predt\u00fdm zn\u00e1my ako Samsung Techwin m\u00e1 komplexn\u00e9 portf\u00f3lio rie\u0161en\u00ed pokr\u00fdvaj\u00face od ve\u013ek\u00e9ho mixu, mal\u00fdch s\u00e9ri\u00ed typu v\u00fdroby a\u017e po ve\u013ekoobjemov\u00e9 v\u00fdrobn\u00e9 aplik\u00e1cie.<\/p>\n","protected":false},"featured_media":0,"parent":0,"menu_order":0,"template":"template-product.php","meta":{"_uf_show_specific_survey":0,"_uf_disable_surveys":false},"categories":[214],"class_list":["post-324","product","type-product","status-publish","hentry","category-osadzovacie-automaty"],"aioseo_notices":[],"_links":{"self":[{"href":"https:\/\/amtest-group.com\/sk\/wp-json\/wp\/v2\/product\/324","targetHints":{"allow":["GET"]}}],"collection":[{"href":"https:\/\/amtest-group.com\/sk\/wp-json\/wp\/v2\/product"}],"about":[{"href":"https:\/\/amtest-group.com\/sk\/wp-json\/wp\/v2\/types\/product"}],"wp:attachment":[{"href":"https:\/\/amtest-group.com\/sk\/wp-json\/wp\/v2\/media?parent=324"}],"wp:term":[{"taxonomy":"category","embeddable":true,"href":"https:\/\/amtest-group.com\/sk\/wp-json\/wp\/v2\/categories?post=324"}],"curies":[{"name":"wp","href":"https:\/\/api.w.org\/{rel}","templated":true}]}}