{"id":323,"date":"2023-04-19T11:36:24","date_gmt":"2023-04-19T09:36:24","guid":{"rendered":"https:\/\/amtest.virtus3-projekti.com\/?post_type=product&#038;p=323"},"modified":"2023-05-25T15:03:41","modified_gmt":"2023-05-25T13:03:41","slug":"jbc","status":"publish","type":"product","link":"https:\/\/amtest-group.com\/sk\/product\/jbc\/","title":{"rendered":"JBC"},"content":{"rendered":"<p><b>JBC<\/b><span style=\"font-weight: 400;\"> je popredn\u00fdm v\u00fdrobcom zariaden\u00ed na manu\u00e1lne sp\u00e1jkovanie a opravu DPS. <\/span><\/p>\n<p><span style=\"font-weight: 400;\">Viac ako 90 rokov sk\u00fasenost\u00ed postavilo <\/span><b>JBC<\/b><span style=\"font-weight: 400;\"> do popredia technol\u00f3gie s\u00favisiace s n\u00e1strojmi na sp\u00e1jkovanie a opravy v elektronike.<\/span><\/p>\n","protected":false},"excerpt":{"rendered":"<p>JBC je popredn\u00fdm v\u00fdrobcom zariaden\u00ed na manu\u00e1lne sp\u00e1jkovanie a opravu DPS. Viac ako 90 rokov sk\u00fasenost\u00ed postavilo JBC do popredia technol\u00f3gie s\u00favisiace s n\u00e1strojmi na sp\u00e1jkovanie a opravy v elektronike.<\/p>\n","protected":false},"featured_media":0,"parent":0,"menu_order":0,"template":"template-product.php","meta":{"_uf_show_specific_survey":0,"_uf_disable_surveys":false},"categories":[213],"class_list":["post-323","product","type-product","status-publish","hentry","category-rucne-spajkovanie"],"aioseo_notices":[],"_links":{"self":[{"href":"https:\/\/amtest-group.com\/sk\/wp-json\/wp\/v2\/product\/323","targetHints":{"allow":["GET"]}}],"collection":[{"href":"https:\/\/amtest-group.com\/sk\/wp-json\/wp\/v2\/product"}],"about":[{"href":"https:\/\/amtest-group.com\/sk\/wp-json\/wp\/v2\/types\/product"}],"wp:attachment":[{"href":"https:\/\/amtest-group.com\/sk\/wp-json\/wp\/v2\/media?parent=323"}],"wp:term":[{"taxonomy":"category","embeddable":true,"href":"https:\/\/amtest-group.com\/sk\/wp-json\/wp\/v2\/categories?post=323"}],"curies":[{"name":"wp","href":"https:\/\/api.w.org\/{rel}","templated":true}]}}