{"id":322,"date":"2023-04-19T11:35:35","date_gmt":"2023-04-19T09:35:35","guid":{"rendered":"https:\/\/amtest.virtus3-projekti.com\/?post_type=product&#038;p=322"},"modified":"2023-05-25T16:02:46","modified_gmt":"2023-05-25T14:02:46","slug":"nordson-select","status":"publish","type":"product","link":"https:\/\/amtest-group.com\/sk\/product\/nordson-select\/","title":{"rendered":"Nordson Select"},"content":{"rendered":"<p><b>Nordson Select<\/b><span style=\"font-weight: 400;\"> \u2013 zap\u00edsan\u00e1 na burzovom trhu USA NASDAQ s v\u00fdrobn\u00fdm z\u00e1vodom Nordson Select v Nemecku. <\/span><\/p>\n<p><b>Nordson Select<\/b><span style=\"font-weight: 400;\"> je dynamicky rast\u00facim v\u00fdrobcom strojov selekt\u00edvneho sp\u00e1jkovania.<\/span><\/p>\n","protected":false},"excerpt":{"rendered":"<p>Nordson Select \u2013 zap\u00edsan\u00e1 na burzovom trhu USA NASDAQ s v\u00fdrobn\u00fdm z\u00e1vodom Nordson Select v Nemecku. Nordson Select je dynamicky rast\u00facim v\u00fdrobcom strojov selekt\u00edvneho sp\u00e1jkovania.<\/p>\n","protected":false},"featured_media":0,"parent":0,"menu_order":0,"template":"template-product.php","meta":{"_uf_show_specific_survey":0,"_uf_disable_surveys":false},"categories":[212],"class_list":["post-322","product","type-product","status-publish","hentry","category-selective-soldering-selektivne-spajkovanie"],"aioseo_notices":[],"_links":{"self":[{"href":"https:\/\/amtest-group.com\/sk\/wp-json\/wp\/v2\/product\/322","targetHints":{"allow":["GET"]}}],"collection":[{"href":"https:\/\/amtest-group.com\/sk\/wp-json\/wp\/v2\/product"}],"about":[{"href":"https:\/\/amtest-group.com\/sk\/wp-json\/wp\/v2\/types\/product"}],"wp:attachment":[{"href":"https:\/\/amtest-group.com\/sk\/wp-json\/wp\/v2\/media?parent=322"}],"wp:term":[{"taxonomy":"category","embeddable":true,"href":"https:\/\/amtest-group.com\/sk\/wp-json\/wp\/v2\/categories?post=322"}],"curies":[{"name":"wp","href":"https:\/\/api.w.org\/{rel}","templated":true}]}}