{"id":321,"date":"2023-04-19T11:27:33","date_gmt":"2023-04-19T09:27:33","guid":{"rendered":"https:\/\/amtest.virtus3-projekti.com\/?post_type=product&#038;p=321"},"modified":"2023-05-25T13:28:58","modified_gmt":"2023-05-25T11:28:58","slug":"cyberoptics","status":"publish","type":"product","link":"https:\/\/amtest-group.com\/sk\/product\/cyberoptics\/","title":{"rendered":"CyberOptics"},"content":{"rendered":"<p><b>CyberOptics<\/b><span style=\"font-weight: 400;\"> je popredn\u00fd svetov\u00fd v\u00fdvoj\u00e1r a v\u00fdrobca vysoko presnej technol\u00f3gie 3D sn\u00edmania.<\/span><\/p>\n<p><span style=\"font-weight: 400;\">Ich zariadenie <strong>SQ3000<\/strong> je rie\u0161enie typu all-in-one, ktor\u00e9 je nabit\u00e9 v\u00fdkonn\u00fdmi n\u00e1strojmi, ktor\u00e9 pokr\u00fdvaj\u00fa kontrolu a meranie pre aplik\u00e1cie AOI, SPI a CMM.<\/span><\/p>\n","protected":false},"excerpt":{"rendered":"<p>CyberOptics je popredn\u00fd svetov\u00fd v\u00fdvoj\u00e1r a v\u00fdrobca vysoko presnej technol\u00f3gie 3D sn\u00edmania. Ich zariadenie SQ3000 je rie\u0161enie typu all-in-one, ktor\u00e9 je nabit\u00e9 v\u00fdkonn\u00fdmi n\u00e1strojmi, ktor\u00e9 pokr\u00fdvaj\u00fa kontrolu a meranie pre aplik\u00e1cie AOI, SPI a CMM.<\/p>\n","protected":false},"featured_media":0,"parent":0,"menu_order":0,"template":"template-product.php","meta":{"_uf_show_specific_survey":0,"_uf_disable_surveys":false},"categories":[254],"class_list":["post-321","product","type-product","status-publish","hentry","category-3d-aoi-3d-spi-sk"],"aioseo_notices":[],"_links":{"self":[{"href":"https:\/\/amtest-group.com\/sk\/wp-json\/wp\/v2\/product\/321","targetHints":{"allow":["GET"]}}],"collection":[{"href":"https:\/\/amtest-group.com\/sk\/wp-json\/wp\/v2\/product"}],"about":[{"href":"https:\/\/amtest-group.com\/sk\/wp-json\/wp\/v2\/types\/product"}],"wp:attachment":[{"href":"https:\/\/amtest-group.com\/sk\/wp-json\/wp\/v2\/media?parent=321"}],"wp:term":[{"taxonomy":"category","embeddable":true,"href":"https:\/\/amtest-group.com\/sk\/wp-json\/wp\/v2\/categories?post=321"}],"curies":[{"name":"wp","href":"https:\/\/api.w.org\/{rel}","templated":true}]}}