{"id":320,"date":"2023-04-19T11:27:58","date_gmt":"2023-04-19T09:27:58","guid":{"rendered":"https:\/\/amtest.virtus3-projekti.com\/?post_type=product&#038;p=320"},"modified":"2023-05-25T14:56:46","modified_gmt":"2023-05-25T12:56:46","slug":"humiseal","status":"publish","type":"product","link":"https:\/\/amtest-group.com\/sk\/product\/humiseal\/","title":{"rendered":"HumiSeal"},"content":{"rendered":"<p><b>HumiSeal<\/b><span style=\"font-weight: 400;\"> \u2013 s\u00fa\u010das\u0165 Americkej korpor\u00e1cie Chase s v\u00fdrobn\u00fdmi z\u00e1vodmi v Spojen\u00fdch \u0161t\u00e1toch, Anglicku a Indii.<\/span><\/p>\n<p><span style=\"font-weight: 400;\">S viac ako 50-ro\u010dnou hist\u00f3riou vo v\u00fdrobe selekt\u00edvnych n\u00e1terov\u00fdch materi\u00e1lov a lakov pon\u00fakaj\u00fa cel\u00fd rad akryl\u00e1tov\u00fdch, uret\u00e1nov\u00fdch, silik\u00f3nov\u00fdch ochrann\u00fdch materi\u00e1lov s r\u00f4znymi met\u00f3dami su\u0161enia a vytvrdzovania \u2013 od tepeln\u00e9ho vytvrdzovania, vytvrdzovania vlhkos\u0165ou a UV \u017eiarenia vr\u00e1tane UV LED. <\/span><\/p>\n","protected":false},"excerpt":{"rendered":"<p>HumiSeal \u2013 s\u00fa\u010das\u0165 Americkej korpor\u00e1cie Chase s v\u00fdrobn\u00fdmi z\u00e1vodmi v Spojen\u00fdch \u0161t\u00e1toch, Anglicku a Indii. S viac ako 50-ro\u010dnou hist\u00f3riou vo v\u00fdrobe selekt\u00edvnych n\u00e1terov\u00fdch materi\u00e1lov a lakov pon\u00fakaj\u00fa cel\u00fd rad akryl\u00e1tov\u00fdch, uret\u00e1nov\u00fdch, silik\u00f3nov\u00fdch ochrann\u00fdch materi\u00e1lov s r\u00f4znymi met\u00f3dami su\u0161enia a vytvrdzovania \u2013 od tepeln\u00e9ho vytvrdzovania, vytvrdzovania vlhkos\u0165ou a UV \u017eiarenia vr\u00e1tane UV LED.<\/p>\n","protected":false},"featured_media":0,"parent":0,"menu_order":0,"template":"template-product.php","meta":{"_uf_show_specific_survey":0,"_uf_disable_surveys":false},"categories":[210],"class_list":["post-320","product","type-product","status-publish","hentry","category-laky-sk"],"aioseo_notices":[],"_links":{"self":[{"href":"https:\/\/amtest-group.com\/sk\/wp-json\/wp\/v2\/product\/320","targetHints":{"allow":["GET"]}}],"collection":[{"href":"https:\/\/amtest-group.com\/sk\/wp-json\/wp\/v2\/product"}],"about":[{"href":"https:\/\/amtest-group.com\/sk\/wp-json\/wp\/v2\/types\/product"}],"wp:attachment":[{"href":"https:\/\/amtest-group.com\/sk\/wp-json\/wp\/v2\/media?parent=320"}],"wp:term":[{"taxonomy":"category","embeddable":true,"href":"https:\/\/amtest-group.com\/sk\/wp-json\/wp\/v2\/categories?post=320"}],"curies":[{"name":"wp","href":"https:\/\/api.w.org\/{rel}","templated":true}]}}