{"id":316,"date":"2023-04-19T11:18:07","date_gmt":"2023-04-19T09:18:07","guid":{"rendered":"https:\/\/amtest.virtus3-projekti.com\/?post_type=product&#038;p=316"},"modified":"2023-05-25T14:27:59","modified_gmt":"2023-05-25T12:27:59","slug":"exelsius","status":"publish","type":"product","link":"https:\/\/amtest-group.com\/sk\/product\/exelsius\/","title":{"rendered":"Exelsius"},"content":{"rendered":"<p>Od roku 1990 spolo\u010dnos\u0165 <strong>Exelsius<\/strong> navrhuje, vyr\u00e1ba a servisuje zariadenia svetovej \u00farovne pre priemysel PCBA od letectva a obrany po automobilov\u00e9 a EMS.<\/p>\n","protected":false},"excerpt":{"rendered":"<p>Od roku 1990 spolo\u010dnos\u0165 Exelsius navrhuje, vyr\u00e1ba a servisuje zariadenia svetovej \u00farovne pre priemysel PCBA od letectva a obrany po automobilov\u00e9 a EMS.<\/p>\n","protected":false},"featured_media":0,"parent":0,"menu_order":0,"template":"template-product.php","meta":{"_uf_show_specific_survey":0,"_uf_disable_surveys":false},"categories":[207],"class_list":["post-316","product","type-product","status-publish","hentry","category-aktivacia-povrchu-plazmou"],"aioseo_notices":[],"_links":{"self":[{"href":"https:\/\/amtest-group.com\/sk\/wp-json\/wp\/v2\/product\/316","targetHints":{"allow":["GET"]}}],"collection":[{"href":"https:\/\/amtest-group.com\/sk\/wp-json\/wp\/v2\/product"}],"about":[{"href":"https:\/\/amtest-group.com\/sk\/wp-json\/wp\/v2\/types\/product"}],"wp:attachment":[{"href":"https:\/\/amtest-group.com\/sk\/wp-json\/wp\/v2\/media?parent=316"}],"wp:term":[{"taxonomy":"category","embeddable":true,"href":"https:\/\/amtest-group.com\/sk\/wp-json\/wp\/v2\/categories?post=316"}],"curies":[{"name":"wp","href":"https:\/\/api.w.org\/{rel}","templated":true}]}}