{"id":315,"date":"2023-04-19T11:15:52","date_gmt":"2023-04-19T09:15:52","guid":{"rendered":"https:\/\/amtest.virtus3-projekti.com\/?post_type=product&#038;p=315"},"modified":"2023-09-06T12:46:39","modified_gmt":"2023-09-06T10:46:39","slug":"nordson-asymtek","status":"publish","type":"product","link":"https:\/\/amtest-group.com\/sk\/product\/nordson-asymtek\/","title":{"rendered":"Nordson Asymtek"},"content":{"rendered":"<p><b>Nordson ASYMTEK<\/b><span style=\"font-weight: 400;\"> \u2013 zap\u00edsan\u00e1 na burzovom trhu USA NASDAQ s v\u00fdrobn\u00fdmi z\u00e1vodmi v USA je svetov\u00fdm l\u00eddrom v oblasti rie\u0161en\u00ed pre selekt\u00edvne lakovanie.<\/span><\/p>\n<p><span style=\"font-weight: 400;\">Ich \u0161irok\u00e1 ponuka aplika\u010dn\u00fdch ventilov, od film coatov\u00e9ho ventilu SC-280, neatomizovan\u00e9ho nan\u00e1\u0161ania s unik\u00e1tnou presnos\u0165ou hrany stopy laku a extr\u00e9mnou r\u00fdchlos\u0165ou lakovania a\u017e po bezkontaktn\u00e9 Jet SC-400 pre presn\u00e9 mikro nan\u00e1\u0161anie. To v\u0161etko je podporovan\u00e9 \u0161irok\u00fdm spektrom prvkov procesnej kontroly od laserov\u00e9ho merania \u0161\u00edrky stopy, cirkula\u010dn\u00fdm ohrevom laku a\u017e po kontrolu polohy d\u00e1vkovacej ihly pri Jet nan\u00e1\u0161an\u00ed.<\/span><\/p>\n","protected":false},"excerpt":{"rendered":"<p>Nordson ASYMTEK \u2013 zap\u00edsan\u00e1 na burzovom trhu USA NASDAQ s v\u00fdrobn\u00fdmi z\u00e1vodmi v USA je svetov\u00fdm l\u00eddrom v oblasti rie\u0161en\u00ed pre selekt\u00edvne lakovanie. Ich \u0161irok\u00e1 ponuka aplika\u010dn\u00fdch ventilov, od film coatov\u00e9ho ventilu SC-280, neatomizovan\u00e9ho nan\u00e1\u0161ania s unik\u00e1tnou presnos\u0165ou hrany stopy laku a extr\u00e9mnou r\u00fdchlos\u0165ou lakovania a\u017e po bezkontaktn\u00e9 Jet SC-400 pre presn\u00e9 mikro nan\u00e1\u0161anie. To [&hellip;]<\/p>\n","protected":false},"featured_media":0,"parent":0,"menu_order":0,"template":"template-product.php","meta":{"_uf_show_specific_survey":0,"_uf_disable_surveys":false},"categories":[206],"class_list":["post-315","product","type-product","status-publish","hentry","category-selektivne-lakovanie-dosiek-plosnych-spojov"],"aioseo_notices":[],"_links":{"self":[{"href":"https:\/\/amtest-group.com\/sk\/wp-json\/wp\/v2\/product\/315","targetHints":{"allow":["GET"]}}],"collection":[{"href":"https:\/\/amtest-group.com\/sk\/wp-json\/wp\/v2\/product"}],"about":[{"href":"https:\/\/amtest-group.com\/sk\/wp-json\/wp\/v2\/types\/product"}],"wp:attachment":[{"href":"https:\/\/amtest-group.com\/sk\/wp-json\/wp\/v2\/media?parent=315"}],"wp:term":[{"taxonomy":"category","embeddable":true,"href":"https:\/\/amtest-group.com\/sk\/wp-json\/wp\/v2\/categories?post=315"}],"curies":[{"name":"wp","href":"https:\/\/api.w.org\/{rel}","templated":true}]}}